{"id":4892,"date":"2022-07-06T08:20:51","date_gmt":"2022-07-06T08:20:51","guid":{"rendered":"https:\/\/www.cautex.com\/producto\/valvula-de-vapores-do-motor\/"},"modified":"2022-07-06T08:20:51","modified_gmt":"2022-07-06T08:20:51","slug":"valvula-de-vapores-do-motor","status":"publish","type":"product","link":"https:\/\/dev.cautex.com\/pt-pt\/producto\/valvula-de-vapores-do-motor\/","title":{"rendered":"V\u00c1LVULA DE VAPORES DO MOTOR"},"content":{"rendered":"<p>A v\u00e1lvula PCV tem a fun\u00e7\u00e3o de libertar a press\u00e3o existente no c\u00e1rter como resultado do acionamento do pist\u00e3o e do aumento da temperatura no interior do motor. Permite que os vapores passem num \u00fanico sentido, do interior do motor para o coletor de admiss\u00e3o, atuando como uma valvula antirretorno. <\/p>\n","protected":false},"excerpt":{"rendered":"<p>A v\u00e1lvula PCV tem a fun\u00e7\u00e3o de libertar a press\u00e3o existente no c\u00e1rter como resultado do acionamento do pist\u00e3o e do aumento da temperatura no interior do motor. Permite que os vapores passem num \u00fanico sentido, do interior do motor para o coletor de admiss\u00e3o, atuando como uma valvula antirretorno.<\/p>\n","protected":false},"featured_media":4893,"comment_status":"open","ping_status":"closed","template":"","meta":[],"product_cat":[817,825],"product_tag":[204],"_links":{"self":[{"href":"https:\/\/dev.cautex.com\/pt-pt\/wp-json\/wp\/v2\/product\/4892"}],"collection":[{"href":"https:\/\/dev.cautex.com\/pt-pt\/wp-json\/wp\/v2\/product"}],"about":[{"href":"https:\/\/dev.cautex.com\/pt-pt\/wp-json\/wp\/v2\/types\/product"}],"replies":[{"embeddable":true,"href":"https:\/\/dev.cautex.com\/pt-pt\/wp-json\/wp\/v2\/comments?post=4892"}],"wp:featuredmedia":[{"embeddable":true,"href":"https:\/\/dev.cautex.com\/pt-pt\/wp-json\/wp\/v2\/media\/4893"}],"wp:attachment":[{"href":"https:\/\/dev.cautex.com\/pt-pt\/wp-json\/wp\/v2\/media?parent=4892"}],"wp:term":[{"taxonomy":"product_cat","embeddable":true,"href":"https:\/\/dev.cautex.com\/pt-pt\/wp-json\/wp\/v2\/product_cat?post=4892"},{"taxonomy":"product_tag","embeddable":true,"href":"https:\/\/dev.cautex.com\/pt-pt\/wp-json\/wp\/v2\/product_tag?post=4892"}],"curies":[{"name":"wp","href":"https:\/\/api.w.org\/{rel}","templated":true}]}}