{"id":4890,"date":"2022-07-06T08:40:46","date_gmt":"2022-07-06T08:40:46","guid":{"rendered":"https:\/\/www.cautex.com\/producto\/separador-de-oleo\/"},"modified":"2022-07-06T08:40:46","modified_gmt":"2022-07-06T08:40:46","slug":"separador-de-oleo","status":"publish","type":"product","link":"https:\/\/dev.cautex.com\/pt-pt\/producto\/separador-de-oleo\/","title":{"rendered":"SEPARADOR DE \u00d3LEO"},"content":{"rendered":"<p>Este elemento \u00e9 instalado imediatamente antes do sistema de ventila\u00e7\u00e3o do g\u00e1s do c\u00e1rter e a sua fun\u00e7\u00e3o \u00e9 separar os vapores de gasolina do \u00f3leo e da sujidade, de modo a que apenas o ar com gasolina passe, deixando o \u00f3leo e a sujidade no seu interior.<\/p>\n","protected":false},"excerpt":{"rendered":"<p>Este elemento \u00e9 instalado imediatamente antes do sistema de ventila\u00e7\u00e3o do g\u00e1s do c\u00e1rter e a sua fun\u00e7\u00e3o \u00e9 separar os vapores de gasolina do \u00f3leo e da sujidade, de modo a que apenas o ar com gasolina passe, deixando o \u00f3leo e a sujidade no seu interior.<\/p>\n","protected":false},"featured_media":4891,"comment_status":"open","ping_status":"closed","template":"","meta":[],"product_cat":[817,824],"product_tag":[206],"_links":{"self":[{"href":"https:\/\/dev.cautex.com\/pt-pt\/wp-json\/wp\/v2\/product\/4890"}],"collection":[{"href":"https:\/\/dev.cautex.com\/pt-pt\/wp-json\/wp\/v2\/product"}],"about":[{"href":"https:\/\/dev.cautex.com\/pt-pt\/wp-json\/wp\/v2\/types\/product"}],"replies":[{"embeddable":true,"href":"https:\/\/dev.cautex.com\/pt-pt\/wp-json\/wp\/v2\/comments?post=4890"}],"wp:featuredmedia":[{"embeddable":true,"href":"https:\/\/dev.cautex.com\/pt-pt\/wp-json\/wp\/v2\/media\/4891"}],"wp:attachment":[{"href":"https:\/\/dev.cautex.com\/pt-pt\/wp-json\/wp\/v2\/media?parent=4890"}],"wp:term":[{"taxonomy":"product_cat","embeddable":true,"href":"https:\/\/dev.cautex.com\/pt-pt\/wp-json\/wp\/v2\/product_cat?post=4890"},{"taxonomy":"product_tag","embeddable":true,"href":"https:\/\/dev.cautex.com\/pt-pt\/wp-json\/wp\/v2\/product_tag?post=4890"}],"curies":[{"name":"wp","href":"https:\/\/api.w.org\/{rel}","templated":true}]}}