{"id":4888,"date":"2022-07-06T08:14:19","date_gmt":"2022-07-06T08:14:19","guid":{"rendered":"https:\/\/www.cautex.com\/producto\/pecas-diversas\/"},"modified":"2022-07-06T08:14:19","modified_gmt":"2022-07-06T08:14:19","slug":"pecas-diversas","status":"publish","type":"product","link":"https:\/\/dev.cautex.com\/pt-pt\/producto\/pecas-diversas\/","title":{"rendered":"PE\u00c7AS DIVERSAS"},"content":{"rendered":"<p>Sec\u00e7\u00e3o de pe\u00e7as de reposi\u00e7\u00e3o e acess\u00f3rios variados, tais como coberturas de pedais, parafusos, conjuntos de juntas e anilhas, coberturas de bagagem&#8230;<\/p>\n","protected":false},"excerpt":{"rendered":"<p>Sec\u00e7\u00e3o de pe\u00e7as de reposi\u00e7\u00e3o e acess\u00f3rios variados, tais como coberturas de pedais, parafusos, conjuntos de juntas e anilhas, coberturas de bagagem&#8230;<\/p>\n","protected":false},"featured_media":4889,"comment_status":"open","ping_status":"closed","template":"","meta":[],"product_cat":[817,823],"product_tag":[200],"_links":{"self":[{"href":"https:\/\/dev.cautex.com\/pt-pt\/wp-json\/wp\/v2\/product\/4888"}],"collection":[{"href":"https:\/\/dev.cautex.com\/pt-pt\/wp-json\/wp\/v2\/product"}],"about":[{"href":"https:\/\/dev.cautex.com\/pt-pt\/wp-json\/wp\/v2\/types\/product"}],"replies":[{"embeddable":true,"href":"https:\/\/dev.cautex.com\/pt-pt\/wp-json\/wp\/v2\/comments?post=4888"}],"wp:featuredmedia":[{"embeddable":true,"href":"https:\/\/dev.cautex.com\/pt-pt\/wp-json\/wp\/v2\/media\/4889"}],"wp:attachment":[{"href":"https:\/\/dev.cautex.com\/pt-pt\/wp-json\/wp\/v2\/media?parent=4888"}],"wp:term":[{"taxonomy":"product_cat","embeddable":true,"href":"https:\/\/dev.cautex.com\/pt-pt\/wp-json\/wp\/v2\/product_cat?post=4888"},{"taxonomy":"product_tag","embeddable":true,"href":"https:\/\/dev.cautex.com\/pt-pt\/wp-json\/wp\/v2\/product_tag?post=4888"}],"curies":[{"name":"wp","href":"https:\/\/api.w.org\/{rel}","templated":true}]}}