{"id":4886,"date":"2022-07-06T08:23:57","date_gmt":"2022-07-06T08:23:57","guid":{"rendered":"https:\/\/www.cautex.com\/producto\/jogo-de-pincas-de-travao\/"},"modified":"2022-07-06T08:23:57","modified_gmt":"2022-07-06T08:23:57","slug":"jogo-de-pincas-de-travao","status":"publish","type":"product","link":"https:\/\/dev.cautex.com\/pt-pt\/producto\/jogo-de-pincas-de-travao\/","title":{"rendered":"JOGO DE PIN\u00c7AS DE TRAV\u00c3O"},"content":{"rendered":"<p>Os elementos mais vulner\u00e1veis da pin\u00e7a de trav\u00e3o s\u00e3o os de borracha, uma vez que se deterioram bastante rapidamente sob a influ\u00eancia de ambientes agressivos. Ignorar este problema das juntas gastas pode levar a uma avaria das buchas dos pinos-guia. <\/p>\n","protected":false},"excerpt":{"rendered":"<p>Os elementos mais vulner\u00e1veis da pin\u00e7a de trav\u00e3o s\u00e3o os de borracha, uma vez que se deterioram bastante rapidamente sob a influ\u00eancia de ambientes agressivos. Ignorar este problema das juntas gastas pode levar a uma avaria das buchas dos pinos-guia.<\/p>\n","protected":false},"featured_media":4721,"comment_status":"open","ping_status":"closed","template":"","meta":[],"product_cat":[817,822],"product_tag":[205],"_links":{"self":[{"href":"https:\/\/dev.cautex.com\/pt-pt\/wp-json\/wp\/v2\/product\/4886"}],"collection":[{"href":"https:\/\/dev.cautex.com\/pt-pt\/wp-json\/wp\/v2\/product"}],"about":[{"href":"https:\/\/dev.cautex.com\/pt-pt\/wp-json\/wp\/v2\/types\/product"}],"replies":[{"embeddable":true,"href":"https:\/\/dev.cautex.com\/pt-pt\/wp-json\/wp\/v2\/comments?post=4886"}],"wp:featuredmedia":[{"embeddable":true,"href":"https:\/\/dev.cautex.com\/pt-pt\/wp-json\/wp\/v2\/media\/4721"}],"wp:attachment":[{"href":"https:\/\/dev.cautex.com\/pt-pt\/wp-json\/wp\/v2\/media?parent=4886"}],"wp:term":[{"taxonomy":"product_cat","embeddable":true,"href":"https:\/\/dev.cautex.com\/pt-pt\/wp-json\/wp\/v2\/product_cat?post=4886"},{"taxonomy":"product_tag","embeddable":true,"href":"https:\/\/dev.cautex.com\/pt-pt\/wp-json\/wp\/v2\/product_tag?post=4886"}],"curies":[{"name":"wp","href":"https:\/\/api.w.org\/{rel}","templated":true}]}}