{"id":4884,"date":"2022-07-06T08:42:08","date_gmt":"2022-07-06T08:42:08","guid":{"rendered":"https:\/\/www.cautex.com\/producto\/interruptor\/"},"modified":"2022-07-06T08:42:08","modified_gmt":"2022-07-06T08:42:08","slug":"interruptor","status":"publish","type":"product","link":"https:\/\/dev.cautex.com\/pt-pt\/producto\/interruptor\/","title":{"rendered":"INTERRUPTOR"},"content":{"rendered":"<p>Os interruptores el\u00e9tricos s\u00e3o dispositivos que servem para desviar ou obstruir o fluxo da corrente el\u00e9trica, tais como a luz de marcha-atr\u00e1s, igni\u00e7\u00e3o ligada, travagem&#8230;<\/p>\n","protected":false},"excerpt":{"rendered":"<p>Os interruptores el\u00e9tricos s\u00e3o dispositivos que servem para desviar ou obstruir o fluxo da corrente el\u00e9trica, tais como a luz de marcha-atr\u00e1s, igni\u00e7\u00e3o ligada, travagem&#8230;<\/p>\n","protected":false},"featured_media":4714,"comment_status":"open","ping_status":"closed","template":"","meta":[],"product_cat":[817,821],"product_tag":[207],"_links":{"self":[{"href":"https:\/\/dev.cautex.com\/pt-pt\/wp-json\/wp\/v2\/product\/4884"}],"collection":[{"href":"https:\/\/dev.cautex.com\/pt-pt\/wp-json\/wp\/v2\/product"}],"about":[{"href":"https:\/\/dev.cautex.com\/pt-pt\/wp-json\/wp\/v2\/types\/product"}],"replies":[{"embeddable":true,"href":"https:\/\/dev.cautex.com\/pt-pt\/wp-json\/wp\/v2\/comments?post=4884"}],"wp:featuredmedia":[{"embeddable":true,"href":"https:\/\/dev.cautex.com\/pt-pt\/wp-json\/wp\/v2\/media\/4714"}],"wp:attachment":[{"href":"https:\/\/dev.cautex.com\/pt-pt\/wp-json\/wp\/v2\/media?parent=4884"}],"wp:term":[{"taxonomy":"product_cat","embeddable":true,"href":"https:\/\/dev.cautex.com\/pt-pt\/wp-json\/wp\/v2\/product_cat?post=4884"},{"taxonomy":"product_tag","embeddable":true,"href":"https:\/\/dev.cautex.com\/pt-pt\/wp-json\/wp\/v2\/product_tag?post=4884"}],"curies":[{"name":"wp","href":"https:\/\/api.w.org\/{rel}","templated":true}]}}