{"id":4882,"date":"2022-07-06T08:18:53","date_gmt":"2022-07-06T08:18:53","guid":{"rendered":"https:\/\/www.cautex.com\/producto\/filtros-de-transmissao\/"},"modified":"2022-07-06T08:18:53","modified_gmt":"2022-07-06T08:18:53","slug":"filtros-de-transmissao","status":"publish","type":"product","link":"https:\/\/dev.cautex.com\/pt-pt\/producto\/filtros-de-transmissao\/","title":{"rendered":"FILTROS DE TRANSMISS\u00c3O"},"content":{"rendered":"<p>O filtro de transmiss\u00e3o situa-se por cima da placa de transmiss\u00e3o, que prende qualquer excesso de fluido, e por baixo de um tubo de recolha que se liga \u00e0 bomba de \u00f3leo, que regula a press\u00e3o do fluido no interior da transmiss\u00e3o.<\/p>\n","protected":false},"excerpt":{"rendered":"<p>O filtro de transmiss\u00e3o situa-se por cima da placa de transmiss\u00e3o, que prende qualquer excesso de fluido, e por baixo de um tubo de recolha que se liga \u00e0 bomba de \u00f3leo, que regula a press\u00e3o do fluido no interior da transmiss\u00e3o.<\/p>\n","protected":false},"featured_media":4883,"comment_status":"open","ping_status":"closed","template":"","meta":[],"product_cat":[817,820],"product_tag":[203],"_links":{"self":[{"href":"https:\/\/dev.cautex.com\/pt-pt\/wp-json\/wp\/v2\/product\/4882"}],"collection":[{"href":"https:\/\/dev.cautex.com\/pt-pt\/wp-json\/wp\/v2\/product"}],"about":[{"href":"https:\/\/dev.cautex.com\/pt-pt\/wp-json\/wp\/v2\/types\/product"}],"replies":[{"embeddable":true,"href":"https:\/\/dev.cautex.com\/pt-pt\/wp-json\/wp\/v2\/comments?post=4882"}],"wp:featuredmedia":[{"embeddable":true,"href":"https:\/\/dev.cautex.com\/pt-pt\/wp-json\/wp\/v2\/media\/4883"}],"wp:attachment":[{"href":"https:\/\/dev.cautex.com\/pt-pt\/wp-json\/wp\/v2\/media?parent=4882"}],"wp:term":[{"taxonomy":"product_cat","embeddable":true,"href":"https:\/\/dev.cautex.com\/pt-pt\/wp-json\/wp\/v2\/product_cat?post=4882"},{"taxonomy":"product_tag","embeddable":true,"href":"https:\/\/dev.cautex.com\/pt-pt\/wp-json\/wp\/v2\/product_tag?post=4882"}],"curies":[{"name":"wp","href":"https:\/\/api.w.org\/{rel}","templated":true}]}}