{"id":4880,"date":"2022-07-06T08:17:21","date_gmt":"2022-07-06T08:17:21","guid":{"rendered":"https:\/\/www.cautex.com\/producto\/filtros-de-combustivel\/"},"modified":"2022-07-06T08:17:21","modified_gmt":"2022-07-06T08:17:21","slug":"filtros-de-combustivel","status":"publish","type":"product","link":"https:\/\/dev.cautex.com\/pt-pt\/producto\/filtros-de-combustivel\/","title":{"rendered":"FILTROS DE COMBUST\u00cdVEL"},"content":{"rendered":"<p>O filtro de combust\u00edvel \u00e9 um elemento essencial para o correto funcionamento do motor, pois acuta como uma barreira que impede a penetra\u00e7\u00e3o de sujidade ou impurezas no circuito de inje\u00e7\u00e3o, da bomba de press\u00e3o, dos injetores ou no circuito de alimenta\u00e7\u00e3o.<\/p>\n","protected":false},"excerpt":{"rendered":"<p>O filtro de combust\u00edvel \u00e9 um elemento essencial para o correto funcionamento do motor, pois acuta como uma barreira que impede a penetra\u00e7\u00e3o de sujidade ou impurezas no circuito de inje\u00e7\u00e3o, da bomba de press\u00e3o, dos injetores ou no circuito de alimenta\u00e7\u00e3o.<\/p>\n","protected":false},"featured_media":4881,"comment_status":"open","ping_status":"closed","template":"","meta":[],"product_cat":[817,819],"product_tag":[202],"_links":{"self":[{"href":"https:\/\/dev.cautex.com\/pt-pt\/wp-json\/wp\/v2\/product\/4880"}],"collection":[{"href":"https:\/\/dev.cautex.com\/pt-pt\/wp-json\/wp\/v2\/product"}],"about":[{"href":"https:\/\/dev.cautex.com\/pt-pt\/wp-json\/wp\/v2\/types\/product"}],"replies":[{"embeddable":true,"href":"https:\/\/dev.cautex.com\/pt-pt\/wp-json\/wp\/v2\/comments?post=4880"}],"wp:featuredmedia":[{"embeddable":true,"href":"https:\/\/dev.cautex.com\/pt-pt\/wp-json\/wp\/v2\/media\/4881"}],"wp:attachment":[{"href":"https:\/\/dev.cautex.com\/pt-pt\/wp-json\/wp\/v2\/media?parent=4880"}],"wp:term":[{"taxonomy":"product_cat","embeddable":true,"href":"https:\/\/dev.cautex.com\/pt-pt\/wp-json\/wp\/v2\/product_cat?post=4880"},{"taxonomy":"product_tag","embeddable":true,"href":"https:\/\/dev.cautex.com\/pt-pt\/wp-json\/wp\/v2\/product_tag?post=4880"}],"curies":[{"name":"wp","href":"https:\/\/api.w.org\/{rel}","templated":true}]}}