{"id":4878,"date":"2022-07-06T08:15:46","date_gmt":"2022-07-06T08:15:46","guid":{"rendered":"https:\/\/www.cautex.com\/producto\/barra-estabilizadora\/"},"modified":"2022-07-06T08:15:46","modified_gmt":"2022-07-06T08:15:46","slug":"barra-estabilizadora","status":"publish","type":"product","link":"https:\/\/dev.cautex.com\/pt-pt\/producto\/barra-estabilizadora\/","title":{"rendered":"BARRA ESTABILIZADORA"},"content":{"rendered":"<p>A barra estabilizadora \u00e9 respons\u00e1vel pela estabilidade do ve\u00edculo nas curvas. \u00c9 uma barra met\u00e1lica semi-flex\u00edvel que une as duas rodas do mesmo eixo e est\u00e1 tamb\u00e9m presa \u00e0 carro\u00e7aria. A sua conce\u00e7\u00e3o significa que quando um lado da carro\u00e7aria afunda, o outro tamb\u00e9m afunda, aumentando assim a estabilidade do carro.  <\/p>\n","protected":false},"excerpt":{"rendered":"<p>A barra estabilizadora \u00e9 respons\u00e1vel pela estabilidade do ve\u00edculo nas curvas. \u00c9 uma barra met\u00e1lica semi-flex\u00edvel que une as duas rodas do mesmo eixo e est\u00e1 tamb\u00e9m presa \u00e0 carro\u00e7aria. A sua conce\u00e7\u00e3o significa que quando um lado da carro\u00e7aria afunda, o outro tamb\u00e9m afunda, aumentando assim a estabilidade do carro.<\/p>\n","protected":false},"featured_media":4879,"comment_status":"open","ping_status":"closed","template":"","meta":[],"product_cat":[818,817],"product_tag":[201],"_links":{"self":[{"href":"https:\/\/dev.cautex.com\/pt-pt\/wp-json\/wp\/v2\/product\/4878"}],"collection":[{"href":"https:\/\/dev.cautex.com\/pt-pt\/wp-json\/wp\/v2\/product"}],"about":[{"href":"https:\/\/dev.cautex.com\/pt-pt\/wp-json\/wp\/v2\/types\/product"}],"replies":[{"embeddable":true,"href":"https:\/\/dev.cautex.com\/pt-pt\/wp-json\/wp\/v2\/comments?post=4878"}],"wp:featuredmedia":[{"embeddable":true,"href":"https:\/\/dev.cautex.com\/pt-pt\/wp-json\/wp\/v2\/media\/4879"}],"wp:attachment":[{"href":"https:\/\/dev.cautex.com\/pt-pt\/wp-json\/wp\/v2\/media?parent=4878"}],"wp:term":[{"taxonomy":"product_cat","embeddable":true,"href":"https:\/\/dev.cautex.com\/pt-pt\/wp-json\/wp\/v2\/product_cat?post=4878"},{"taxonomy":"product_tag","embeddable":true,"href":"https:\/\/dev.cautex.com\/pt-pt\/wp-json\/wp\/v2\/product_tag?post=4878"}],"curies":[{"name":"wp","href":"https:\/\/api.w.org\/{rel}","templated":true}]}}