{"id":4876,"date":"2022-07-01T10:22:39","date_gmt":"2022-07-01T10:22:39","guid":{"rendered":"https:\/\/www.cautex.com\/producto\/tubos-multicamadas-pap\/"},"modified":"2022-07-01T10:22:39","modified_gmt":"2022-07-01T10:22:39","slug":"tubos-multicamadas-pap","status":"publish","type":"product","link":"https:\/\/dev.cautex.com\/pt-pt\/producto\/tubos-multicamadas-pap\/","title":{"rendered":"TUBOS MULTICAMADAS\/PAP"},"content":{"rendered":"<p>Tubos flex\u00edveis para a condu\u00e7\u00e3o de ar e gases. Podem ser em alum\u00ednio de tr\u00eas camadas (A.A.A.) com resist\u00eancia at\u00e9 120 \u00baC, ou em papel-alum\u00ednio-papel de tr\u00eas camadas (P.A.P.), que suportam at\u00e9 400 \u00baC. <\/p>\n","protected":false},"excerpt":{"rendered":"<p>Tubos flex\u00edveis para a condu\u00e7\u00e3o de ar e gases. Podem ser em alum\u00ednio de tr\u00eas camadas (A.A.A.) com resist\u00eancia at\u00e9 120 \u00baC, ou em papel-alum\u00ednio-papel de tr\u00eas camadas (P.A.P.), que suportam at\u00e9 400 \u00baC.<\/p>\n","protected":false},"featured_media":4877,"comment_status":"open","ping_status":"closed","template":"","meta":[],"product_cat":[805,816],"product_tag":[149],"_links":{"self":[{"href":"https:\/\/dev.cautex.com\/pt-pt\/wp-json\/wp\/v2\/product\/4876"}],"collection":[{"href":"https:\/\/dev.cautex.com\/pt-pt\/wp-json\/wp\/v2\/product"}],"about":[{"href":"https:\/\/dev.cautex.com\/pt-pt\/wp-json\/wp\/v2\/types\/product"}],"replies":[{"embeddable":true,"href":"https:\/\/dev.cautex.com\/pt-pt\/wp-json\/wp\/v2\/comments?post=4876"}],"wp:featuredmedia":[{"embeddable":true,"href":"https:\/\/dev.cautex.com\/pt-pt\/wp-json\/wp\/v2\/media\/4877"}],"wp:attachment":[{"href":"https:\/\/dev.cautex.com\/pt-pt\/wp-json\/wp\/v2\/media?parent=4876"}],"wp:term":[{"taxonomy":"product_cat","embeddable":true,"href":"https:\/\/dev.cautex.com\/pt-pt\/wp-json\/wp\/v2\/product_cat?post=4876"},{"taxonomy":"product_tag","embeddable":true,"href":"https:\/\/dev.cautex.com\/pt-pt\/wp-json\/wp\/v2\/product_tag?post=4876"}],"curies":[{"name":"wp","href":"https:\/\/api.w.org\/{rel}","templated":true}]}}