{"id":4874,"date":"2022-07-01T10:53:44","date_gmt":"2022-07-01T10:53:44","guid":{"rendered":"https:\/\/www.cautex.com\/producto\/tubos-metalicos\/"},"modified":"2022-07-01T10:53:44","modified_gmt":"2022-07-01T10:53:44","slug":"tubos-metalicos","status":"publish","type":"product","link":"https:\/\/dev.cautex.com\/pt-pt\/producto\/tubos-metalicos\/","title":{"rendered":"TUBOS MET\u00c1LICOS"},"content":{"rendered":"<p>Tubos met\u00e1licos para as principais marcas do sector autom\u00f3vel.<\/p>\n","protected":false},"excerpt":{"rendered":"<p>Tubos met\u00e1licos para as principais marcas do sector autom\u00f3vel.<\/p>\n","protected":false},"featured_media":4875,"comment_status":"open","ping_status":"closed","template":"","meta":[],"product_cat":[805,815],"product_tag":[157],"_links":{"self":[{"href":"https:\/\/dev.cautex.com\/pt-pt\/wp-json\/wp\/v2\/product\/4874"}],"collection":[{"href":"https:\/\/dev.cautex.com\/pt-pt\/wp-json\/wp\/v2\/product"}],"about":[{"href":"https:\/\/dev.cautex.com\/pt-pt\/wp-json\/wp\/v2\/types\/product"}],"replies":[{"embeddable":true,"href":"https:\/\/dev.cautex.com\/pt-pt\/wp-json\/wp\/v2\/comments?post=4874"}],"wp:featuredmedia":[{"embeddable":true,"href":"https:\/\/dev.cautex.com\/pt-pt\/wp-json\/wp\/v2\/media\/4875"}],"wp:attachment":[{"href":"https:\/\/dev.cautex.com\/pt-pt\/wp-json\/wp\/v2\/media?parent=4874"}],"wp:term":[{"taxonomy":"product_cat","embeddable":true,"href":"https:\/\/dev.cautex.com\/pt-pt\/wp-json\/wp\/v2\/product_cat?post=4874"},{"taxonomy":"product_tag","embeddable":true,"href":"https:\/\/dev.cautex.com\/pt-pt\/wp-json\/wp\/v2\/product_tag?post=4874"}],"curies":[{"name":"wp","href":"https:\/\/api.w.org\/{rel}","templated":true}]}}