{"id":4872,"date":"2022-07-01T10:44:52","date_gmt":"2022-07-01T10:44:52","guid":{"rendered":"https:\/\/www.cautex.com\/producto\/tubos-flexiveis-e-mangueiras\/"},"modified":"2022-07-01T10:44:52","modified_gmt":"2022-07-01T10:44:52","slug":"tubos-flexiveis-e-mangueiras","status":"publish","type":"product","link":"https:\/\/dev.cautex.com\/pt-pt\/producto\/tubos-flexiveis-e-mangueiras\/","title":{"rendered":"TUBOS FLEX\u00cdVEIS E MANGUEIRAS"},"content":{"rendered":"<p>Contamos com duas gamas destes produtos: tubos flex\u00edveis para condu\u00e7\u00e3o de ar e \u00e1gua, com fio interm\u00e9dio; e mangueira de circula\u00e7\u00e3o de \u00e1gua, para impuls\u00e3o e aspira\u00e7\u00e3o de \u00e1gua, para serem utilizados em motores de autom\u00f3veis, cami\u00f5es, tratores, geradores el\u00e9tricos, etc.<\/p>\n","protected":false},"excerpt":{"rendered":"<p>Contamos com duas gamas destes produtos: tubos flex\u00edveis para condu\u00e7\u00e3o de ar e \u00e1gua, com fio interm\u00e9dio; e mangueira de circula\u00e7\u00e3o de \u00e1gua, para impuls\u00e3o e aspira\u00e7\u00e3o de \u00e1gua, para serem utilizados em motores de autom\u00f3veis, cami\u00f5es, tratores, geradores el\u00e9tricos, etc.<\/p>\n","protected":false},"featured_media":4873,"comment_status":"open","ping_status":"closed","template":"","meta":[],"product_cat":[805,814],"product_tag":[153],"_links":{"self":[{"href":"https:\/\/dev.cautex.com\/pt-pt\/wp-json\/wp\/v2\/product\/4872"}],"collection":[{"href":"https:\/\/dev.cautex.com\/pt-pt\/wp-json\/wp\/v2\/product"}],"about":[{"href":"https:\/\/dev.cautex.com\/pt-pt\/wp-json\/wp\/v2\/types\/product"}],"replies":[{"embeddable":true,"href":"https:\/\/dev.cautex.com\/pt-pt\/wp-json\/wp\/v2\/comments?post=4872"}],"wp:featuredmedia":[{"embeddable":true,"href":"https:\/\/dev.cautex.com\/pt-pt\/wp-json\/wp\/v2\/media\/4873"}],"wp:attachment":[{"href":"https:\/\/dev.cautex.com\/pt-pt\/wp-json\/wp\/v2\/media?parent=4872"}],"wp:term":[{"taxonomy":"product_cat","embeddable":true,"href":"https:\/\/dev.cautex.com\/pt-pt\/wp-json\/wp\/v2\/product_cat?post=4872"},{"taxonomy":"product_tag","embeddable":true,"href":"https:\/\/dev.cautex.com\/pt-pt\/wp-json\/wp\/v2\/product_tag?post=4872"}],"curies":[{"name":"wp","href":"https:\/\/api.w.org\/{rel}","templated":true}]}}