{"id":4870,"date":"2022-07-01T10:40:45","date_gmt":"2022-07-01T10:40:45","guid":{"rendered":"https:\/\/www.cautex.com\/producto\/tubos-do-turbo\/"},"modified":"2022-07-01T10:40:45","modified_gmt":"2022-07-01T10:40:45","slug":"tubos-do-turbo","status":"publish","type":"product","link":"https:\/\/dev.cautex.com\/pt-pt\/producto\/tubos-do-turbo\/","title":{"rendered":"TUBOS DO TURBO"},"content":{"rendered":"<p>Sele\u00e7\u00e3o de tubos do turbo, que, gra\u00e7as ao know-how da empresa, permite a utiliza\u00e7\u00e3o de borracha tipo AEM como camada exterior e uma camada interior de FKM acompanhadas de um refor\u00e7o de fibras de poli\u00e9ster, que \u00e9 o mesmo que \u00e9 utilizado pelos fabricantes para criar os tubos originais.<\/p>\n","protected":false},"excerpt":{"rendered":"<p>Sele\u00e7\u00e3o de tubos do turbo, que, gra\u00e7as ao know-how da empresa, permite a utiliza\u00e7\u00e3o de borracha tipo AEM como camada exterior e uma camada interior de FKM acompanhadas de um refor\u00e7o de fibras de poli\u00e9ster, que \u00e9 o mesmo que \u00e9 utilizado pelos fabricantes para criar os tubos originais.<\/p>\n","protected":false},"featured_media":4871,"comment_status":"open","ping_status":"closed","template":"","meta":[],"product_cat":[813,805],"product_tag":[152],"_links":{"self":[{"href":"https:\/\/dev.cautex.com\/pt-pt\/wp-json\/wp\/v2\/product\/4870"}],"collection":[{"href":"https:\/\/dev.cautex.com\/pt-pt\/wp-json\/wp\/v2\/product"}],"about":[{"href":"https:\/\/dev.cautex.com\/pt-pt\/wp-json\/wp\/v2\/types\/product"}],"replies":[{"embeddable":true,"href":"https:\/\/dev.cautex.com\/pt-pt\/wp-json\/wp\/v2\/comments?post=4870"}],"wp:featuredmedia":[{"embeddable":true,"href":"https:\/\/dev.cautex.com\/pt-pt\/wp-json\/wp\/v2\/media\/4871"}],"wp:attachment":[{"href":"https:\/\/dev.cautex.com\/pt-pt\/wp-json\/wp\/v2\/media?parent=4870"}],"wp:term":[{"taxonomy":"product_cat","embeddable":true,"href":"https:\/\/dev.cautex.com\/pt-pt\/wp-json\/wp\/v2\/product_cat?post=4870"},{"taxonomy":"product_tag","embeddable":true,"href":"https:\/\/dev.cautex.com\/pt-pt\/wp-json\/wp\/v2\/product_tag?post=4870"}],"curies":[{"name":"wp","href":"https:\/\/api.w.org\/{rel}","templated":true}]}}