{"id":4868,"date":"2022-07-01T10:36:54","date_gmt":"2022-07-01T10:36:54","guid":{"rendered":"https:\/\/www.cautex.com\/producto\/tubos-de-silicone\/"},"modified":"2022-07-01T10:36:54","modified_gmt":"2022-07-01T10:36:54","slug":"tubos-de-silicone","status":"publish","type":"product","link":"https:\/\/dev.cautex.com\/pt-pt\/producto\/tubos-de-silicone\/","title":{"rendered":"TUBOS DE SILICONE"},"content":{"rendered":"<p>Produtos ideais para ve\u00edculos industriais pelas suas especiais caracter\u00edsticas de resist\u00eancia \u00e0 temperatura e \u00e0s altas press\u00f5es. Dispomos de tr\u00eas gamas: tubos em cotovelo com refor\u00e7o t\u00eaxtil interm\u00e9dio, tubos para sistemas de arrefecimento e aquecimento com tr\u00eas folhas de poli\u00e9ster, e tubos flex\u00edveis com refor\u00e7o t\u00eaxtil e arame interior. <\/p>\n","protected":false},"excerpt":{"rendered":"<p>Produtos ideais para ve\u00edculos industriais pelas suas especiais caracter\u00edsticas de resist\u00eancia \u00e0 temperatura e \u00e0s altas press\u00f5es. Dispomos de tr\u00eas gamas: tubos em cotovelo com refor\u00e7o t\u00eaxtil interm\u00e9dio, tubos para sistemas de arrefecimento e aquecimento com tr\u00eas folhas de poli\u00e9ster, e tubos flex\u00edveis com refor\u00e7o t\u00eaxtil e arame interior.<\/p>\n","protected":false},"featured_media":4869,"comment_status":"open","ping_status":"closed","template":"","meta":[],"product_cat":[812,805],"product_tag":[150],"_links":{"self":[{"href":"https:\/\/dev.cautex.com\/pt-pt\/wp-json\/wp\/v2\/product\/4868"}],"collection":[{"href":"https:\/\/dev.cautex.com\/pt-pt\/wp-json\/wp\/v2\/product"}],"about":[{"href":"https:\/\/dev.cautex.com\/pt-pt\/wp-json\/wp\/v2\/types\/product"}],"replies":[{"embeddable":true,"href":"https:\/\/dev.cautex.com\/pt-pt\/wp-json\/wp\/v2\/comments?post=4868"}],"wp:featuredmedia":[{"embeddable":true,"href":"https:\/\/dev.cautex.com\/pt-pt\/wp-json\/wp\/v2\/media\/4869"}],"wp:attachment":[{"href":"https:\/\/dev.cautex.com\/pt-pt\/wp-json\/wp\/v2\/media?parent=4868"}],"wp:term":[{"taxonomy":"product_cat","embeddable":true,"href":"https:\/\/dev.cautex.com\/pt-pt\/wp-json\/wp\/v2\/product_cat?post=4868"},{"taxonomy":"product_tag","embeddable":true,"href":"https:\/\/dev.cautex.com\/pt-pt\/wp-json\/wp\/v2\/product_tag?post=4868"}],"curies":[{"name":"wp","href":"https:\/\/api.w.org\/{rel}","templated":true}]}}