{"id":4866,"date":"2022-07-01T10:38:37","date_gmt":"2022-07-01T10:38:37","guid":{"rendered":"https:\/\/www.cautex.com\/producto\/tubos-de-borracha\/"},"modified":"2022-07-01T10:38:37","modified_gmt":"2022-07-01T10:38:37","slug":"tubos-de-borracha","status":"publish","type":"product","link":"https:\/\/dev.cautex.com\/pt-pt\/producto\/tubos-de-borracha\/","title":{"rendered":"TUBOS DE BORRACHA"},"content":{"rendered":"<p>Vasta gama destes produtos: tubos de cotovelo de borracha simples, tubos em cotovelo de borracha apenas, tubos de borracha com refor\u00e7o t\u00eaxtil para circula\u00e7\u00e3o de \u00e1gua e ar, e tubos de borracha sint\u00e9tica com refor\u00e7o t\u00eaxtil para passagem de \u00f3leo. Suportam temperaturas desde -30 \u00baC a +100 \u00baC, press\u00e3o de trabalho de 3 bar, e press\u00e3o de rebentamento de 9 bar. <\/p>\n","protected":false},"excerpt":{"rendered":"<p>Vasta gama destes produtos: tubos de cotovelo de borracha simples, tubos em cotovelo de borracha apenas, tubos de borracha com refor\u00e7o t\u00eaxtil para circula\u00e7\u00e3o de \u00e1gua e ar, e tubos de borracha sint\u00e9tica com refor\u00e7o t\u00eaxtil para passagem de \u00f3leo. Suportam temperaturas desde -30 \u00baC a +100 \u00baC, press\u00e3o de trabalho de 3 bar, e [&hellip;]<\/p>\n","protected":false},"featured_media":4867,"comment_status":"open","ping_status":"closed","template":"","meta":[],"product_cat":[811,805],"product_tag":[151],"_links":{"self":[{"href":"https:\/\/dev.cautex.com\/pt-pt\/wp-json\/wp\/v2\/product\/4866"}],"collection":[{"href":"https:\/\/dev.cautex.com\/pt-pt\/wp-json\/wp\/v2\/product"}],"about":[{"href":"https:\/\/dev.cautex.com\/pt-pt\/wp-json\/wp\/v2\/types\/product"}],"replies":[{"embeddable":true,"href":"https:\/\/dev.cautex.com\/pt-pt\/wp-json\/wp\/v2\/comments?post=4866"}],"wp:featuredmedia":[{"embeddable":true,"href":"https:\/\/dev.cautex.com\/pt-pt\/wp-json\/wp\/v2\/media\/4867"}],"wp:attachment":[{"href":"https:\/\/dev.cautex.com\/pt-pt\/wp-json\/wp\/v2\/media?parent=4866"}],"wp:term":[{"taxonomy":"product_cat","embeddable":true,"href":"https:\/\/dev.cautex.com\/pt-pt\/wp-json\/wp\/v2\/product_cat?post=4866"},{"taxonomy":"product_tag","embeddable":true,"href":"https:\/\/dev.cautex.com\/pt-pt\/wp-json\/wp\/v2\/product_tag?post=4866"}],"curies":[{"name":"wp","href":"https:\/\/api.w.org\/{rel}","templated":true}]}}