{"id":4864,"date":"2022-07-01T10:46:59","date_gmt":"2022-07-01T10:46:59","guid":{"rendered":"https:\/\/www.cautex.com\/producto\/tubos-de-escape\/"},"modified":"2022-07-01T10:46:59","modified_gmt":"2022-07-01T10:46:59","slug":"tubos-de-escape","status":"publish","type":"product","link":"https:\/\/dev.cautex.com\/pt-pt\/producto\/tubos-de-escape\/","title":{"rendered":"TUBOS DE ESCAPE"},"content":{"rendered":"<p>Tubos flex\u00edveis met\u00e1licos (sem amianto), feitos de tira de a\u00e7o especial para tubos de escape de motores de igni\u00e7\u00e3o, aquecimento, condu\u00e7\u00e3o de ar, gases quentes e frios, e outras utiliza\u00e7\u00f5es industriais.<\/p>\n","protected":false},"excerpt":{"rendered":"<p>Tubos flex\u00edveis met\u00e1licos (sem amianto), feitos de tira de a\u00e7o especial para tubos de escape de motores de igni\u00e7\u00e3o, aquecimento, condu\u00e7\u00e3o de ar, gases quentes e frios, e outras utiliza\u00e7\u00f5es industriais.<\/p>\n","protected":false},"featured_media":4865,"comment_status":"open","ping_status":"closed","template":"","meta":[],"product_cat":[810,805],"product_tag":[154],"_links":{"self":[{"href":"https:\/\/dev.cautex.com\/pt-pt\/wp-json\/wp\/v2\/product\/4864"}],"collection":[{"href":"https:\/\/dev.cautex.com\/pt-pt\/wp-json\/wp\/v2\/product"}],"about":[{"href":"https:\/\/dev.cautex.com\/pt-pt\/wp-json\/wp\/v2\/types\/product"}],"replies":[{"embeddable":true,"href":"https:\/\/dev.cautex.com\/pt-pt\/wp-json\/wp\/v2\/comments?post=4864"}],"wp:featuredmedia":[{"embeddable":true,"href":"https:\/\/dev.cautex.com\/pt-pt\/wp-json\/wp\/v2\/media\/4865"}],"wp:attachment":[{"href":"https:\/\/dev.cautex.com\/pt-pt\/wp-json\/wp\/v2\/media?parent=4864"}],"wp:term":[{"taxonomy":"product_cat","embeddable":true,"href":"https:\/\/dev.cautex.com\/pt-pt\/wp-json\/wp\/v2\/product_cat?post=4864"},{"taxonomy":"product_tag","embeddable":true,"href":"https:\/\/dev.cautex.com\/pt-pt\/wp-json\/wp\/v2\/product_tag?post=4864"}],"curies":[{"name":"wp","href":"https:\/\/api.w.org\/{rel}","templated":true}]}}