{"id":4862,"date":"2022-07-01T10:19:10","date_gmt":"2022-07-01T10:19:10","guid":{"rendered":"https:\/\/www.cautex.com\/producto\/tubos-de-combustivel\/"},"modified":"2022-07-01T10:19:10","modified_gmt":"2022-07-01T10:19:10","slug":"tubos-de-combustivel","status":"publish","type":"product","link":"https:\/\/dev.cautex.com\/pt-pt\/producto\/tubos-de-combustivel\/","title":{"rendered":"TUBOS DE COMBUST\u00cdVEL"},"content":{"rendered":"<p>Dispomos de diferentes gamas de produtos, comercializadas em carretos, dependendo do acabamento, composi\u00e7\u00e3o e utiliza\u00e7\u00e3o do mesmo: borracha apenas, refor\u00e7o t\u00eaxtil interm\u00e9dio, refor\u00e7o t\u00eaxtil externo, bicomponente, tubo de PVC transparente&#8230;<\/p>\n","protected":false},"excerpt":{"rendered":"<p>Dispomos de diferentes gamas de produtos, comercializadas em carretos, dependendo do acabamento, composi\u00e7\u00e3o e utiliza\u00e7\u00e3o do mesmo: borracha apenas, refor\u00e7o t\u00eaxtil interm\u00e9dio, refor\u00e7o t\u00eaxtil externo, bicomponente, tubo de PVC transparente&#8230;<\/p>\n","protected":false},"featured_media":4863,"comment_status":"open","ping_status":"closed","template":"","meta":[],"product_cat":[809,805],"product_tag":[148],"_links":{"self":[{"href":"https:\/\/dev.cautex.com\/pt-pt\/wp-json\/wp\/v2\/product\/4862"}],"collection":[{"href":"https:\/\/dev.cautex.com\/pt-pt\/wp-json\/wp\/v2\/product"}],"about":[{"href":"https:\/\/dev.cautex.com\/pt-pt\/wp-json\/wp\/v2\/types\/product"}],"replies":[{"embeddable":true,"href":"https:\/\/dev.cautex.com\/pt-pt\/wp-json\/wp\/v2\/comments?post=4862"}],"wp:featuredmedia":[{"embeddable":true,"href":"https:\/\/dev.cautex.com\/pt-pt\/wp-json\/wp\/v2\/media\/4863"}],"wp:attachment":[{"href":"https:\/\/dev.cautex.com\/pt-pt\/wp-json\/wp\/v2\/media?parent=4862"}],"wp:term":[{"taxonomy":"product_cat","embeddable":true,"href":"https:\/\/dev.cautex.com\/pt-pt\/wp-json\/wp\/v2\/product_cat?post=4862"},{"taxonomy":"product_tag","embeddable":true,"href":"https:\/\/dev.cautex.com\/pt-pt\/wp-json\/wp\/v2\/product_tag?post=4862"}],"curies":[{"name":"wp","href":"https:\/\/api.w.org\/{rel}","templated":true}]}}