{"id":4860,"date":"2022-07-01T10:56:35","date_gmt":"2022-07-01T10:56:35","guid":{"rendered":"https:\/\/www.cautex.com\/producto\/tubos-oleo-turbo-tubos-de-lubrificacao-do-turbo\/"},"modified":"2022-07-01T10:56:35","modified_gmt":"2022-07-01T10:56:35","slug":"tubos-oleo-turbo-tubos-de-lubrificacao-do-turbo","status":"publish","type":"product","link":"https:\/\/dev.cautex.com\/pt-pt\/producto\/tubos-oleo-turbo-tubos-de-lubrificacao-do-turbo\/","title":{"rendered":"TUBOS \u00d3LEO TURBO (TUBOS DE LUBRIFICA\u00c7\u00c3O DO TURBO)"},"content":{"rendered":"<p>O tubo de lubrifica\u00e7\u00e3o \u00e9 uma pe\u00e7a cr\u00edtica para o bom funcionamento do motor, pois \u00e9 respons\u00e1vel pela lubrifica\u00e7\u00e3o do eixo do turbo. A principal raz\u00e3o para a quebra do turbocompressor est\u00e1 relacionada com a m\u00e1 lubrifica\u00e7\u00e3o do mesmo. <\/p>\n","protected":false},"excerpt":{"rendered":"<p>O tubo de lubrifica\u00e7\u00e3o \u00e9 uma pe\u00e7a cr\u00edtica para o bom funcionamento do motor, pois \u00e9 respons\u00e1vel pela lubrifica\u00e7\u00e3o do eixo do turbo. A principal raz\u00e3o para a quebra do turbocompressor est\u00e1 relacionada com a m\u00e1 lubrifica\u00e7\u00e3o do mesmo.<\/p>\n","protected":false},"featured_media":4861,"comment_status":"open","ping_status":"closed","template":"","meta":[],"product_cat":[805,808],"product_tag":[158],"_links":{"self":[{"href":"https:\/\/dev.cautex.com\/pt-pt\/wp-json\/wp\/v2\/product\/4860"}],"collection":[{"href":"https:\/\/dev.cautex.com\/pt-pt\/wp-json\/wp\/v2\/product"}],"about":[{"href":"https:\/\/dev.cautex.com\/pt-pt\/wp-json\/wp\/v2\/types\/product"}],"replies":[{"embeddable":true,"href":"https:\/\/dev.cautex.com\/pt-pt\/wp-json\/wp\/v2\/comments?post=4860"}],"wp:featuredmedia":[{"embeddable":true,"href":"https:\/\/dev.cautex.com\/pt-pt\/wp-json\/wp\/v2\/media\/4861"}],"wp:attachment":[{"href":"https:\/\/dev.cautex.com\/pt-pt\/wp-json\/wp\/v2\/media?parent=4860"}],"wp:term":[{"taxonomy":"product_cat","embeddable":true,"href":"https:\/\/dev.cautex.com\/pt-pt\/wp-json\/wp\/v2\/product_cat?post=4860"},{"taxonomy":"product_tag","embeddable":true,"href":"https:\/\/dev.cautex.com\/pt-pt\/wp-json\/wp\/v2\/product_tag?post=4860"}],"curies":[{"name":"wp","href":"https:\/\/api.w.org\/{rel}","templated":true}]}}