{"id":4858,"date":"2022-07-01T10:52:06","date_gmt":"2022-07-01T10:52:06","guid":{"rendered":"https:\/\/www.cautex.com\/producto\/mangueiras-diversas\/"},"modified":"2022-07-01T10:52:06","modified_gmt":"2022-07-01T10:52:06","slug":"mangueiras-diversas","status":"publish","type":"product","link":"https:\/\/dev.cautex.com\/pt-pt\/producto\/mangueiras-diversas\/","title":{"rendered":"MANGUEIRAS DIVERSAS"},"content":{"rendered":"<p>Sele\u00e7\u00e3o de mangueiras concebidas para satisfazer as necessidades de toda a frota autom\u00f3vel para a circula\u00e7\u00e3o de v\u00e1rios fluidos e aplica\u00e7\u00f5es: \u00f3leo, \u00e1gua, aquecedor, permutador de calor, radiador, term\u00f3stato, coletor, desvaporizador&#8230;<\/p>\n","protected":false},"excerpt":{"rendered":"<p>Sele\u00e7\u00e3o de mangueiras concebidas para satisfazer as necessidades de toda a frota autom\u00f3vel para a circula\u00e7\u00e3o de v\u00e1rios fluidos e aplica\u00e7\u00f5es: \u00f3leo, \u00e1gua, aquecedor, permutador de calor, radiador, term\u00f3stato, coletor, desvaporizador&#8230;<\/p>\n","protected":false},"featured_media":4859,"comment_status":"open","ping_status":"closed","template":"","meta":[],"product_cat":[807,805],"product_tag":[156],"_links":{"self":[{"href":"https:\/\/dev.cautex.com\/pt-pt\/wp-json\/wp\/v2\/product\/4858"}],"collection":[{"href":"https:\/\/dev.cautex.com\/pt-pt\/wp-json\/wp\/v2\/product"}],"about":[{"href":"https:\/\/dev.cautex.com\/pt-pt\/wp-json\/wp\/v2\/types\/product"}],"replies":[{"embeddable":true,"href":"https:\/\/dev.cautex.com\/pt-pt\/wp-json\/wp\/v2\/comments?post=4858"}],"wp:featuredmedia":[{"embeddable":true,"href":"https:\/\/dev.cautex.com\/pt-pt\/wp-json\/wp\/v2\/media\/4859"}],"wp:attachment":[{"href":"https:\/\/dev.cautex.com\/pt-pt\/wp-json\/wp\/v2\/media?parent=4858"}],"wp:term":[{"taxonomy":"product_cat","embeddable":true,"href":"https:\/\/dev.cautex.com\/pt-pt\/wp-json\/wp\/v2\/product_cat?post=4858"},{"taxonomy":"product_tag","embeddable":true,"href":"https:\/\/dev.cautex.com\/pt-pt\/wp-json\/wp\/v2\/product_tag?post=4858"}],"curies":[{"name":"wp","href":"https:\/\/api.w.org\/{rel}","templated":true}]}}