{"id":4856,"date":"2022-07-01T10:50:30","date_gmt":"2022-07-01T10:50:30","guid":{"rendered":"https:\/\/www.cautex.com\/producto\/mangueiras-do-radiador\/"},"modified":"2022-07-01T10:50:30","modified_gmt":"2022-07-01T10:50:30","slug":"mangueiras-do-radiador","status":"publish","type":"product","link":"https:\/\/dev.cautex.com\/pt-pt\/producto\/mangueiras-do-radiador\/","title":{"rendered":"MANGUEIRAS DO RADIADOR"},"content":{"rendered":"<p>Comercializamos tubos de borracha, espec\u00edficos para a circula\u00e7\u00e3o de \u00e1gua no circuito de arrefecimento do autom\u00f3vel. A sua conce\u00e7\u00e3o e caracter\u00edsticas t\u00e9cnicas s\u00e3o adaptadas \u00e0s especifica\u00e7\u00f5es das marcas para cada um dos seus diferentes modelos de Autom\u00f3veis. <\/p>\n","protected":false},"excerpt":{"rendered":"<p>Comercializamos tubos de borracha, espec\u00edficos para a circula\u00e7\u00e3o de \u00e1gua no circuito de arrefecimento do autom\u00f3vel. A sua conce\u00e7\u00e3o e caracter\u00edsticas t\u00e9cnicas s\u00e3o adaptadas \u00e0s especifica\u00e7\u00f5es das marcas para cada um dos seus diferentes modelos de Autom\u00f3veis.<\/p>\n","protected":false},"featured_media":4857,"comment_status":"open","ping_status":"closed","template":"","meta":[],"product_cat":[806,805],"product_tag":[155],"_links":{"self":[{"href":"https:\/\/dev.cautex.com\/pt-pt\/wp-json\/wp\/v2\/product\/4856"}],"collection":[{"href":"https:\/\/dev.cautex.com\/pt-pt\/wp-json\/wp\/v2\/product"}],"about":[{"href":"https:\/\/dev.cautex.com\/pt-pt\/wp-json\/wp\/v2\/types\/product"}],"replies":[{"embeddable":true,"href":"https:\/\/dev.cautex.com\/pt-pt\/wp-json\/wp\/v2\/comments?post=4856"}],"wp:featuredmedia":[{"embeddable":true,"href":"https:\/\/dev.cautex.com\/pt-pt\/wp-json\/wp\/v2\/media\/4857"}],"wp:attachment":[{"href":"https:\/\/dev.cautex.com\/pt-pt\/wp-json\/wp\/v2\/media?parent=4856"}],"wp:term":[{"taxonomy":"product_cat","embeddable":true,"href":"https:\/\/dev.cautex.com\/pt-pt\/wp-json\/wp\/v2\/product_cat?post=4856"},{"taxonomy":"product_tag","embeddable":true,"href":"https:\/\/dev.cautex.com\/pt-pt\/wp-json\/wp\/v2\/product_tag?post=4856"}],"curies":[{"name":"wp","href":"https:\/\/api.w.org\/{rel}","templated":true}]}}