{"id":4854,"date":"2022-07-05T08:54:43","date_gmt":"2022-07-05T08:54:43","guid":{"rendered":"https:\/\/www.cautex.com\/producto\/tubo-ou-mangueira-do-travao\/"},"modified":"2022-07-05T08:54:43","modified_gmt":"2022-07-05T08:54:43","slug":"tubo-ou-mangueira-do-travao","status":"publish","type":"product","link":"https:\/\/dev.cautex.com\/pt-pt\/producto\/tubo-ou-mangueira-do-travao\/","title":{"rendered":"TUBO OU MANGUEIRA DO TRAV\u00c3O"},"content":{"rendered":"<p>Grande variedade de mangueiras combinadas de borracha e a\u00e7o para trav\u00f5es, concebidas para evitar poss\u00edveis fissuras ou fugas de l\u00edquidos dos trav\u00f5es. Para tal, as mangueiras dos trav\u00f5es Cautex asseguram a transmiss\u00e3o correta da press\u00e3o do l\u00edquido dos trav\u00f5es, evitando poss\u00edveis falhas do sistema e assegurando que ocorra uma press\u00e3o de travagem constante em todas as rodas em todos os momentos. <\/p>\n","protected":false},"excerpt":{"rendered":"<p>Grande variedade de mangueiras combinadas de borracha e a\u00e7o para trav\u00f5es, concebidas para evitar poss\u00edveis fissuras ou fugas de l\u00edquidos dos trav\u00f5es. Para tal, as mangueiras dos trav\u00f5es Cautex asseguram a transmiss\u00e3o correta da press\u00e3o do l\u00edquido dos trav\u00f5es, evitando poss\u00edveis falhas do sistema e assegurando que ocorra uma press\u00e3o de travagem constante em todas [&hellip;]<\/p>\n","protected":false},"featured_media":4855,"comment_status":"open","ping_status":"closed","template":"","meta":[],"product_cat":[804],"product_tag":[180],"_links":{"self":[{"href":"https:\/\/dev.cautex.com\/pt-pt\/wp-json\/wp\/v2\/product\/4854"}],"collection":[{"href":"https:\/\/dev.cautex.com\/pt-pt\/wp-json\/wp\/v2\/product"}],"about":[{"href":"https:\/\/dev.cautex.com\/pt-pt\/wp-json\/wp\/v2\/types\/product"}],"replies":[{"embeddable":true,"href":"https:\/\/dev.cautex.com\/pt-pt\/wp-json\/wp\/v2\/comments?post=4854"}],"wp:featuredmedia":[{"embeddable":true,"href":"https:\/\/dev.cautex.com\/pt-pt\/wp-json\/wp\/v2\/media\/4855"}],"wp:attachment":[{"href":"https:\/\/dev.cautex.com\/pt-pt\/wp-json\/wp\/v2\/media?parent=4854"}],"wp:term":[{"taxonomy":"product_cat","embeddable":true,"href":"https:\/\/dev.cautex.com\/pt-pt\/wp-json\/wp\/v2\/product_cat?post=4854"},{"taxonomy":"product_tag","embeddable":true,"href":"https:\/\/dev.cautex.com\/pt-pt\/wp-json\/wp\/v2\/product_tag?post=4854"}],"curies":[{"name":"wp","href":"https:\/\/api.w.org\/{rel}","templated":true}]}}