{"id":4852,"date":"2022-07-06T07:54:19","date_gmt":"2022-07-06T07:54:19","guid":{"rendered":"https:\/\/www.cautex.com\/producto\/tampas-termostatos-e-torneiras\/"},"modified":"2022-07-06T07:54:19","modified_gmt":"2022-07-06T07:54:19","slug":"tampas-termostatos-e-torneiras","status":"publish","type":"product","link":"https:\/\/dev.cautex.com\/pt-pt\/producto\/tampas-termostatos-e-torneiras\/","title":{"rendered":"TAMPAS, TERM\u00d3STATOS E TORNEIRAS"},"content":{"rendered":"<p>Gama espec\u00edfica de tampas termost\u00e1ticas (com e sem term\u00f3stato) e torneiras. Os nossos produtos oferecem grande fiabilidade quando se trata de detetar a temperatura do motor em qualquer momento, impedindo ou permitindo que o l\u00edquido de arrefecimento do motor circule em dire\u00e7\u00e3o ao radiador, moderando a temperatura do motor e evitando um poss\u00edvel sobreaquecimento do motor. <\/p>\n","protected":false},"excerpt":{"rendered":"<p>Gama espec\u00edfica de tampas termost\u00e1ticas (com e sem term\u00f3stato) e torneiras. Os nossos produtos oferecem grande fiabilidade quando se trata de detetar a temperatura do motor em qualquer momento, impedindo ou permitindo que o l\u00edquido de arrefecimento do motor circule em dire\u00e7\u00e3o ao radiador, moderando a temperatura do motor e evitando um poss\u00edvel sobreaquecimento do [&hellip;]<\/p>\n","protected":false},"featured_media":4853,"comment_status":"open","ping_status":"closed","template":"","meta":[],"product_cat":[794,803],"product_tag":[],"_links":{"self":[{"href":"https:\/\/dev.cautex.com\/pt-pt\/wp-json\/wp\/v2\/product\/4852"}],"collection":[{"href":"https:\/\/dev.cautex.com\/pt-pt\/wp-json\/wp\/v2\/product"}],"about":[{"href":"https:\/\/dev.cautex.com\/pt-pt\/wp-json\/wp\/v2\/types\/product"}],"replies":[{"embeddable":true,"href":"https:\/\/dev.cautex.com\/pt-pt\/wp-json\/wp\/v2\/comments?post=4852"}],"wp:featuredmedia":[{"embeddable":true,"href":"https:\/\/dev.cautex.com\/pt-pt\/wp-json\/wp\/v2\/media\/4853"}],"wp:attachment":[{"href":"https:\/\/dev.cautex.com\/pt-pt\/wp-json\/wp\/v2\/media?parent=4852"}],"wp:term":[{"taxonomy":"product_cat","embeddable":true,"href":"https:\/\/dev.cautex.com\/pt-pt\/wp-json\/wp\/v2\/product_cat?post=4852"},{"taxonomy":"product_tag","embeddable":true,"href":"https:\/\/dev.cautex.com\/pt-pt\/wp-json\/wp\/v2\/product_tag?post=4852"}],"curies":[{"name":"wp","href":"https:\/\/api.w.org\/{rel}","templated":true}]}}