{"id":4850,"date":"2022-07-05T08:57:21","date_gmt":"2022-07-05T08:57:21","guid":{"rendered":"https:\/\/www.cautex.com\/producto\/encaixes-e-bicos\/"},"modified":"2022-07-05T08:57:21","modified_gmt":"2022-07-05T08:57:21","slug":"encaixes-e-bicos","status":"publish","type":"product","link":"https:\/\/dev.cautex.com\/pt-pt\/producto\/encaixes-e-bicos\/","title":{"rendered":"ENCAIXES E BICOS"},"content":{"rendered":"<p>Vasta variedade de acess\u00f3rios, bicos e conectores universais em diferentes tamanhos e aplica\u00e7\u00f5es, inicialmente destinados ao automobilismo, mas tamb\u00e9m adequados a outras utiliza\u00e7\u00f5es.<\/p>\n","protected":false},"excerpt":{"rendered":"<p>Vasta variedade de acess\u00f3rios, bicos e conectores universais em diferentes tamanhos e aplica\u00e7\u00f5es, inicialmente destinados ao automobilismo, mas tamb\u00e9m adequados a outras utiliza\u00e7\u00f5es.<\/p>\n","protected":false},"featured_media":4851,"comment_status":"open","ping_status":"closed","template":"","meta":[],"product_cat":[802,794],"product_tag":[181],"_links":{"self":[{"href":"https:\/\/dev.cautex.com\/pt-pt\/wp-json\/wp\/v2\/product\/4850"}],"collection":[{"href":"https:\/\/dev.cautex.com\/pt-pt\/wp-json\/wp\/v2\/product"}],"about":[{"href":"https:\/\/dev.cautex.com\/pt-pt\/wp-json\/wp\/v2\/types\/product"}],"replies":[{"embeddable":true,"href":"https:\/\/dev.cautex.com\/pt-pt\/wp-json\/wp\/v2\/comments?post=4850"}],"wp:featuredmedia":[{"embeddable":true,"href":"https:\/\/dev.cautex.com\/pt-pt\/wp-json\/wp\/v2\/media\/4851"}],"wp:attachment":[{"href":"https:\/\/dev.cautex.com\/pt-pt\/wp-json\/wp\/v2\/media?parent=4850"}],"wp:term":[{"taxonomy":"product_cat","embeddable":true,"href":"https:\/\/dev.cautex.com\/pt-pt\/wp-json\/wp\/v2\/product_cat?post=4850"},{"taxonomy":"product_tag","embeddable":true,"href":"https:\/\/dev.cautex.com\/pt-pt\/wp-json\/wp\/v2\/product_tag?post=4850"}],"curies":[{"name":"wp","href":"https:\/\/api.w.org\/{rel}","templated":true}]}}