{"id":4848,"date":"2022-07-05T09:06:11","date_gmt":"2022-07-05T09:06:11","guid":{"rendered":"https:\/\/www.cautex.com\/producto\/juntas-e-tampoes-do-carter\/"},"modified":"2022-07-05T09:06:11","modified_gmt":"2022-07-05T09:06:11","slug":"juntas-e-tampoes-do-carter","status":"publish","type":"product","link":"https:\/\/dev.cautex.com\/pt-pt\/producto\/juntas-e-tampoes-do-carter\/","title":{"rendered":"JUNTAS E TAMP\u00d5ES DO C\u00c1RTER"},"content":{"rendered":"<p>Gama espec\u00edfica de juntas, anilhas e tamp\u00f5es do c\u00e1rter, com diferentes tamanhos. A junta do tamp\u00e3o de drenagem de \u00f3leo \u00e9 utilizada para selar esta unidade com seguran\u00e7a, reduzindo o risco de fugas de \u00f3leo do motor. Deve ser instalada uma junta nova sempre que o \u00f3leo do motor \u00e9 trocado.  <\/p>\n","protected":false},"excerpt":{"rendered":"<p>Gama espec\u00edfica de juntas, anilhas e tamp\u00f5es do c\u00e1rter, com diferentes tamanhos. A junta do tamp\u00e3o de drenagem de \u00f3leo \u00e9 utilizada para selar esta unidade com seguran\u00e7a, reduzindo o risco de fugas de \u00f3leo do motor. Deve ser instalada uma junta nova sempre que o \u00f3leo do motor \u00e9 trocado.<\/p>\n","protected":false},"featured_media":4849,"comment_status":"open","ping_status":"closed","template":"","meta":[],"product_cat":[801,794],"product_tag":[184],"_links":{"self":[{"href":"https:\/\/dev.cautex.com\/pt-pt\/wp-json\/wp\/v2\/product\/4848"}],"collection":[{"href":"https:\/\/dev.cautex.com\/pt-pt\/wp-json\/wp\/v2\/product"}],"about":[{"href":"https:\/\/dev.cautex.com\/pt-pt\/wp-json\/wp\/v2\/types\/product"}],"replies":[{"embeddable":true,"href":"https:\/\/dev.cautex.com\/pt-pt\/wp-json\/wp\/v2\/comments?post=4848"}],"wp:featuredmedia":[{"embeddable":true,"href":"https:\/\/dev.cautex.com\/pt-pt\/wp-json\/wp\/v2\/media\/4849"}],"wp:attachment":[{"href":"https:\/\/dev.cautex.com\/pt-pt\/wp-json\/wp\/v2\/media?parent=4848"}],"wp:term":[{"taxonomy":"product_cat","embeddable":true,"href":"https:\/\/dev.cautex.com\/pt-pt\/wp-json\/wp\/v2\/product_cat?post=4848"},{"taxonomy":"product_tag","embeddable":true,"href":"https:\/\/dev.cautex.com\/pt-pt\/wp-json\/wp\/v2\/product_tag?post=4848"}],"curies":[{"name":"wp","href":"https:\/\/api.w.org\/{rel}","templated":true}]}}