{"id":4846,"date":"2022-07-05T08:59:12","date_gmt":"2022-07-05T08:59:12","guid":{"rendered":"https:\/\/www.cautex.com\/producto\/permutador-de-calor\/"},"modified":"2022-07-05T08:59:12","modified_gmt":"2022-07-05T08:59:12","slug":"permutador-de-calor","status":"publish","type":"product","link":"https:\/\/dev.cautex.com\/pt-pt\/producto\/permutador-de-calor\/","title":{"rendered":"PERMUTADOR DE CALOR"},"content":{"rendered":"<p>Sele\u00e7\u00e3o de permutadores de calor e radiadores de \u00f3leo. Gra\u00e7as ao ar exterior e \u00e0 \u00e1gua de arrefecimento que circula ao seu redor, mant\u00eam uma temperatura adequada para lubrificar as partes m\u00f3veis e assegurar o equil\u00edbrio t\u00e9rmico do motor. <\/p>\n","protected":false},"excerpt":{"rendered":"<p>Sele\u00e7\u00e3o de permutadores de calor e radiadores de \u00f3leo. Gra\u00e7as ao ar exterior e \u00e0 \u00e1gua de arrefecimento que circula ao seu redor, mant\u00eam uma temperatura adequada para lubrificar as partes m\u00f3veis e assegurar o equil\u00edbrio t\u00e9rmico do motor.<\/p>\n","protected":false},"featured_media":4847,"comment_status":"open","ping_status":"closed","template":"","meta":[],"product_cat":[800,794],"product_tag":[182],"_links":{"self":[{"href":"https:\/\/dev.cautex.com\/pt-pt\/wp-json\/wp\/v2\/product\/4846"}],"collection":[{"href":"https:\/\/dev.cautex.com\/pt-pt\/wp-json\/wp\/v2\/product"}],"about":[{"href":"https:\/\/dev.cautex.com\/pt-pt\/wp-json\/wp\/v2\/types\/product"}],"replies":[{"embeddable":true,"href":"https:\/\/dev.cautex.com\/pt-pt\/wp-json\/wp\/v2\/comments?post=4846"}],"wp:featuredmedia":[{"embeddable":true,"href":"https:\/\/dev.cautex.com\/pt-pt\/wp-json\/wp\/v2\/media\/4847"}],"wp:attachment":[{"href":"https:\/\/dev.cautex.com\/pt-pt\/wp-json\/wp\/v2\/media?parent=4846"}],"wp:term":[{"taxonomy":"product_cat","embeddable":true,"href":"https:\/\/dev.cautex.com\/pt-pt\/wp-json\/wp\/v2\/product_cat?post=4846"},{"taxonomy":"product_tag","embeddable":true,"href":"https:\/\/dev.cautex.com\/pt-pt\/wp-json\/wp\/v2\/product_tag?post=4846"}],"curies":[{"name":"wp","href":"https:\/\/api.w.org\/{rel}","templated":true}]}}