{"id":4844,"date":"2022-07-05T09:01:27","date_gmt":"2022-07-05T09:01:27","guid":{"rendered":"https:\/\/www.cautex.com\/producto\/carter-de-oleo\/"},"modified":"2022-07-05T09:01:27","modified_gmt":"2022-07-05T09:01:27","slug":"carter-de-oleo","status":"publish","type":"product","link":"https:\/\/dev.cautex.com\/pt-pt\/producto\/carter-de-oleo\/","title":{"rendered":"C\u00c1RTER DE \u00d3LEO"},"content":{"rendered":"<p>Sele\u00e7\u00e3o de c\u00e1rteres inferiores de alum\u00ednio e chapa de a\u00e7o para recolher o \u00f3leo que cai do motor e cont\u00ea-lo para lubrifica\u00e7\u00e3o cont\u00ednua, obtendo um \u00f3timo funcionamento e prevenindo falhas futuras.<\/p>\n","protected":false},"excerpt":{"rendered":"<p>Sele\u00e7\u00e3o de c\u00e1rteres inferiores de alum\u00ednio e chapa de a\u00e7o para recolher o \u00f3leo que cai do motor e cont\u00ea-lo para lubrifica\u00e7\u00e3o cont\u00ednua, obtendo um \u00f3timo funcionamento e prevenindo falhas futuras.<\/p>\n","protected":false},"featured_media":4845,"comment_status":"open","ping_status":"closed","template":"","meta":[],"product_cat":[799,794],"product_tag":[183],"_links":{"self":[{"href":"https:\/\/dev.cautex.com\/pt-pt\/wp-json\/wp\/v2\/product\/4844"}],"collection":[{"href":"https:\/\/dev.cautex.com\/pt-pt\/wp-json\/wp\/v2\/product"}],"about":[{"href":"https:\/\/dev.cautex.com\/pt-pt\/wp-json\/wp\/v2\/types\/product"}],"replies":[{"embeddable":true,"href":"https:\/\/dev.cautex.com\/pt-pt\/wp-json\/wp\/v2\/comments?post=4844"}],"wp:featuredmedia":[{"embeddable":true,"href":"https:\/\/dev.cautex.com\/pt-pt\/wp-json\/wp\/v2\/media\/4845"}],"wp:attachment":[{"href":"https:\/\/dev.cautex.com\/pt-pt\/wp-json\/wp\/v2\/media?parent=4844"}],"wp:term":[{"taxonomy":"product_cat","embeddable":true,"href":"https:\/\/dev.cautex.com\/pt-pt\/wp-json\/wp\/v2\/product_cat?post=4844"},{"taxonomy":"product_tag","embeddable":true,"href":"https:\/\/dev.cautex.com\/pt-pt\/wp-json\/wp\/v2\/product_tag?post=4844"}],"curies":[{"name":"wp","href":"https:\/\/api.w.org\/{rel}","templated":true}]}}