{"id":4842,"date":"2022-07-05T09:17:15","date_gmt":"2022-07-05T09:17:15","guid":{"rendered":"https:\/\/www.cautex.com\/producto\/garrafas-de-expansao-e-tampas\/"},"modified":"2022-07-05T09:17:15","modified_gmt":"2022-07-05T09:17:15","slug":"garrafas-de-expansao-e-tampas","status":"publish","type":"product","link":"https:\/\/dev.cautex.com\/pt-pt\/producto\/garrafas-de-expansao-e-tampas\/","title":{"rendered":"GARRAFAS DE EXPANS\u00c3O E TAMPAS"},"content":{"rendered":"<p>Gama variada de garrafas e tampas \u00e0 prova de fugas que n\u00e3o s\u00f3 funcionam como dep\u00f3sito do l\u00edquido refrigerante, mas tamb\u00e9m s\u00e3o respons\u00e1veis pela elimina\u00e7\u00e3o de sobrepress\u00e3o e depress\u00e3o no radiador.<\/p>\n","protected":false},"excerpt":{"rendered":"<p>Gama variada de garrafas e tampas \u00e0 prova de fugas que n\u00e3o s\u00f3 funcionam como dep\u00f3sito do l\u00edquido refrigerante, mas tamb\u00e9m s\u00e3o respons\u00e1veis pela elimina\u00e7\u00e3o de sobrepress\u00e3o e depress\u00e3o no radiador.<\/p>\n","protected":false},"featured_media":4843,"comment_status":"open","ping_status":"closed","template":"","meta":[],"product_cat":[798,794],"product_tag":[185],"_links":{"self":[{"href":"https:\/\/dev.cautex.com\/pt-pt\/wp-json\/wp\/v2\/product\/4842"}],"collection":[{"href":"https:\/\/dev.cautex.com\/pt-pt\/wp-json\/wp\/v2\/product"}],"about":[{"href":"https:\/\/dev.cautex.com\/pt-pt\/wp-json\/wp\/v2\/types\/product"}],"replies":[{"embeddable":true,"href":"https:\/\/dev.cautex.com\/pt-pt\/wp-json\/wp\/v2\/comments?post=4842"}],"wp:featuredmedia":[{"embeddable":true,"href":"https:\/\/dev.cautex.com\/pt-pt\/wp-json\/wp\/v2\/media\/4843"}],"wp:attachment":[{"href":"https:\/\/dev.cautex.com\/pt-pt\/wp-json\/wp\/v2\/media?parent=4842"}],"wp:term":[{"taxonomy":"product_cat","embeddable":true,"href":"https:\/\/dev.cautex.com\/pt-pt\/wp-json\/wp\/v2\/product_cat?post=4842"},{"taxonomy":"product_tag","embeddable":true,"href":"https:\/\/dev.cautex.com\/pt-pt\/wp-json\/wp\/v2\/product_tag?post=4842"}],"curies":[{"name":"wp","href":"https:\/\/api.w.org\/{rel}","templated":true}]}}