{"id":4840,"date":"2022-07-06T07:52:17","date_gmt":"2022-07-06T07:52:17","guid":{"rendered":"https:\/\/www.cautex.com\/producto\/bombas-de-limpa-para-brisas\/"},"modified":"2022-07-06T07:52:17","modified_gmt":"2022-07-06T07:52:17","slug":"bombas-de-limpa-para-brisas","status":"publish","type":"product","link":"https:\/\/dev.cautex.com\/pt-pt\/producto\/bombas-de-limpa-para-brisas\/","title":{"rendered":"BOMBAS DE LIMPA-P\u00c1RA-BRISAS"},"content":{"rendered":"<p>Tamb\u00e9m conhecida como bomba de \u00e1gua de lavagem. Ao acionar a bomba do limpa-para-brisas, esta pulverizada \u00e1gua sobre o para-brisas, que pode ser removida com as escovas do limpa-para-brisas que podem ser acionadas a partir de um interruptor em separado. Est\u00e3o inclu\u00eddos alguns modelos universais e acess\u00f3rios necess\u00e1rios, tais como tampas, juntas de estanqueidade e conectores.  <\/p>\n","protected":false},"excerpt":{"rendered":"<p>Tamb\u00e9m conhecida como bomba de \u00e1gua de lavagem. Ao acionar a bomba do limpa-para-brisas, esta pulverizada \u00e1gua sobre o para-brisas, que pode ser removida com as escovas do limpa-para-brisas que podem ser acionadas a partir de um interruptor em separado. Est\u00e3o inclu\u00eddos alguns modelos universais e acess\u00f3rios necess\u00e1rios, tais como tampas, juntas de estanqueidade e [&hellip;]<\/p>\n","protected":false},"featured_media":4841,"comment_status":"open","ping_status":"closed","template":"","meta":[],"product_cat":[797,794],"product_tag":[186],"_links":{"self":[{"href":"https:\/\/dev.cautex.com\/pt-pt\/wp-json\/wp\/v2\/product\/4840"}],"collection":[{"href":"https:\/\/dev.cautex.com\/pt-pt\/wp-json\/wp\/v2\/product"}],"about":[{"href":"https:\/\/dev.cautex.com\/pt-pt\/wp-json\/wp\/v2\/types\/product"}],"replies":[{"embeddable":true,"href":"https:\/\/dev.cautex.com\/pt-pt\/wp-json\/wp\/v2\/comments?post=4840"}],"wp:featuredmedia":[{"embeddable":true,"href":"https:\/\/dev.cautex.com\/pt-pt\/wp-json\/wp\/v2\/media\/4841"}],"wp:attachment":[{"href":"https:\/\/dev.cautex.com\/pt-pt\/wp-json\/wp\/v2\/media?parent=4840"}],"wp:term":[{"taxonomy":"product_cat","embeddable":true,"href":"https:\/\/dev.cautex.com\/pt-pt\/wp-json\/wp\/v2\/product_cat?post=4840"},{"taxonomy":"product_tag","embeddable":true,"href":"https:\/\/dev.cautex.com\/pt-pt\/wp-json\/wp\/v2\/product_tag?post=4840"}],"curies":[{"name":"wp","href":"https:\/\/api.w.org\/{rel}","templated":true}]}}