{"id":4838,"date":"2022-07-06T07:53:23","date_gmt":"2022-07-06T07:53:23","guid":{"rendered":"https:\/\/www.cautex.com\/producto\/bombas-de-injecao\/"},"modified":"2022-07-06T07:53:23","modified_gmt":"2022-07-06T07:53:23","slug":"bombas-de-injecao","status":"publish","type":"product","link":"https:\/\/dev.cautex.com\/pt-pt\/producto\/bombas-de-injecao\/","title":{"rendered":"BOMBAS DE INJE\u00c7\u00c3O"},"content":{"rendered":"<p>As bombas de inje\u00e7\u00e3o s\u00e3o respons\u00e1veis por encher a tubagem de aspira\u00e7\u00e3o com l\u00edquido para facilitar a suc\u00e7\u00e3o, evitando bolsas de ar no interior. Est\u00e3o tamb\u00e9m dispon\u00edveis v\u00e1lvulas antirretorno, que s\u00e3o respons\u00e1veis por fechar a passagem de um fluido que est\u00e1 a circular numa determinada dire\u00e7\u00e3o. <\/p>\n","protected":false},"excerpt":{"rendered":"<p>As bombas de inje\u00e7\u00e3o s\u00e3o respons\u00e1veis por encher a tubagem de aspira\u00e7\u00e3o com l\u00edquido para facilitar a suc\u00e7\u00e3o, evitando bolsas de ar no interior. Est\u00e3o tamb\u00e9m dispon\u00edveis v\u00e1lvulas antirretorno, que s\u00e3o respons\u00e1veis por fechar a passagem de um fluido que est\u00e1 a circular numa determinada dire\u00e7\u00e3o.<\/p>\n","protected":false},"featured_media":4839,"comment_status":"open","ping_status":"closed","template":"","meta":[],"product_cat":[796,794],"product_tag":[187],"_links":{"self":[{"href":"https:\/\/dev.cautex.com\/pt-pt\/wp-json\/wp\/v2\/product\/4838"}],"collection":[{"href":"https:\/\/dev.cautex.com\/pt-pt\/wp-json\/wp\/v2\/product"}],"about":[{"href":"https:\/\/dev.cautex.com\/pt-pt\/wp-json\/wp\/v2\/types\/product"}],"replies":[{"embeddable":true,"href":"https:\/\/dev.cautex.com\/pt-pt\/wp-json\/wp\/v2\/comments?post=4838"}],"wp:featuredmedia":[{"embeddable":true,"href":"https:\/\/dev.cautex.com\/pt-pt\/wp-json\/wp\/v2\/media\/4839"}],"wp:attachment":[{"href":"https:\/\/dev.cautex.com\/pt-pt\/wp-json\/wp\/v2\/media?parent=4838"}],"wp:term":[{"taxonomy":"product_cat","embeddable":true,"href":"https:\/\/dev.cautex.com\/pt-pt\/wp-json\/wp\/v2\/product_cat?post=4838"},{"taxonomy":"product_tag","embeddable":true,"href":"https:\/\/dev.cautex.com\/pt-pt\/wp-json\/wp\/v2\/product_tag?post=4838"}],"curies":[{"name":"wp","href":"https:\/\/api.w.org\/{rel}","templated":true}]}}