{"id":4836,"date":"2022-07-06T07:55:23","date_gmt":"2022-07-06T07:55:23","guid":{"rendered":"https:\/\/www.cautex.com\/producto\/bracadeiras\/"},"modified":"2022-07-06T07:55:23","modified_gmt":"2022-07-06T07:55:23","slug":"bracadeiras","status":"publish","type":"product","link":"https:\/\/dev.cautex.com\/pt-pt\/producto\/bracadeiras\/","title":{"rendered":"BRA\u00c7ADEIRAS"},"content":{"rendered":"<p>Bra\u00e7adeiras de diferentes tamanhos e m\u00faltiplas utiliza\u00e7\u00f5es e aplica\u00e7\u00f5es, tanto espec\u00edficas como universais: met\u00e1licas, pl\u00e1sticas, infinitas, panduit, coletor de escape, de banda perfurada&#8230;<\/p>\n","protected":false},"excerpt":{"rendered":"<p>Bra\u00e7adeiras de diferentes tamanhos e m\u00faltiplas utiliza\u00e7\u00f5es e aplica\u00e7\u00f5es, tanto espec\u00edficas como universais: met\u00e1licas, pl\u00e1sticas, infinitas, panduit, coletor de escape, de banda perfurada&#8230;<\/p>\n","protected":false},"featured_media":4837,"comment_status":"open","ping_status":"closed","template":"","meta":[],"product_cat":[795,794],"product_tag":[188],"_links":{"self":[{"href":"https:\/\/dev.cautex.com\/pt-pt\/wp-json\/wp\/v2\/product\/4836"}],"collection":[{"href":"https:\/\/dev.cautex.com\/pt-pt\/wp-json\/wp\/v2\/product"}],"about":[{"href":"https:\/\/dev.cautex.com\/pt-pt\/wp-json\/wp\/v2\/types\/product"}],"replies":[{"embeddable":true,"href":"https:\/\/dev.cautex.com\/pt-pt\/wp-json\/wp\/v2\/comments?post=4836"}],"wp:featuredmedia":[{"embeddable":true,"href":"https:\/\/dev.cautex.com\/pt-pt\/wp-json\/wp\/v2\/media\/4837"}],"wp:attachment":[{"href":"https:\/\/dev.cautex.com\/pt-pt\/wp-json\/wp\/v2\/media?parent=4836"}],"wp:term":[{"taxonomy":"product_cat","embeddable":true,"href":"https:\/\/dev.cautex.com\/pt-pt\/wp-json\/wp\/v2\/product_cat?post=4836"},{"taxonomy":"product_tag","embeddable":true,"href":"https:\/\/dev.cautex.com\/pt-pt\/wp-json\/wp\/v2\/product_tag?post=4836"}],"curies":[{"name":"wp","href":"https:\/\/api.w.org\/{rel}","templated":true}]}}