{"id":4834,"date":"2022-07-06T08:11:46","date_gmt":"2022-07-06T08:11:46","guid":{"rendered":"https:\/\/www.cautex.com\/producto\/valvulas-egr\/"},"modified":"2022-07-06T08:11:46","modified_gmt":"2022-07-06T08:11:46","slug":"valvulas-egr","status":"publish","type":"product","link":"https:\/\/dev.cautex.com\/pt-pt\/producto\/valvulas-egr\/","title":{"rendered":"V\u00c1LVULAS EGR"},"content":{"rendered":"<p>Na Cautex encontrar\u00e1 uma vasta gama de v\u00e1lvulas EGR, com um avan\u00e7ado sistema antipolui\u00e7\u00e3o pelo qual parte dos gases de escape s\u00e3o recirculados para a admiss\u00e3o, e atrav\u00e9s das quais pode reduzir a quantidade de gases nocivos emitidos pelo seu ve\u00edculo.<\/p>\n","protected":false},"excerpt":{"rendered":"<p>Na Cautex encontrar\u00e1 uma vasta gama de v\u00e1lvulas EGR, com um avan\u00e7ado sistema antipolui\u00e7\u00e3o pelo qual parte dos gases de escape s\u00e3o recirculados para a admiss\u00e3o, e atrav\u00e9s das quais pode reduzir a quantidade de gases nocivos emitidos pelo seu ve\u00edculo.<\/p>\n","protected":false},"featured_media":4835,"comment_status":"open","ping_status":"closed","template":"","meta":[],"product_cat":[792,793],"product_tag":[199],"_links":{"self":[{"href":"https:\/\/dev.cautex.com\/pt-pt\/wp-json\/wp\/v2\/product\/4834"}],"collection":[{"href":"https:\/\/dev.cautex.com\/pt-pt\/wp-json\/wp\/v2\/product"}],"about":[{"href":"https:\/\/dev.cautex.com\/pt-pt\/wp-json\/wp\/v2\/types\/product"}],"replies":[{"embeddable":true,"href":"https:\/\/dev.cautex.com\/pt-pt\/wp-json\/wp\/v2\/comments?post=4834"}],"wp:featuredmedia":[{"embeddable":true,"href":"https:\/\/dev.cautex.com\/pt-pt\/wp-json\/wp\/v2\/media\/4835"}],"wp:attachment":[{"href":"https:\/\/dev.cautex.com\/pt-pt\/wp-json\/wp\/v2\/media?parent=4834"}],"wp:term":[{"taxonomy":"product_cat","embeddable":true,"href":"https:\/\/dev.cautex.com\/pt-pt\/wp-json\/wp\/v2\/product_cat?post=4834"},{"taxonomy":"product_tag","embeddable":true,"href":"https:\/\/dev.cautex.com\/pt-pt\/wp-json\/wp\/v2\/product_tag?post=4834"}],"curies":[{"name":"wp","href":"https:\/\/api.w.org\/{rel}","templated":true}]}}