{"id":4832,"date":"2022-07-01T10:11:00","date_gmt":"2022-07-01T10:11:00","guid":{"rendered":"https:\/\/www.cautex.com\/producto\/polias-de-ciguenal\/"},"modified":"2022-07-01T10:11:00","modified_gmt":"2022-07-01T10:11:00","slug":"polias-de-ciguenal","status":"publish","type":"product","link":"https:\/\/dev.cautex.com\/pt-pt\/producto\/polias-de-ciguenal\/","title":{"rendered":"POLIAS DE CIG\u00dcE\u00d1AL"},"content":{"rendered":"<p>Polias que cumprem a fun\u00e7\u00e3o de amortecedor de vibra\u00e7\u00f5es, absorvendo os choques, a tens\u00e3o da correia de distribui\u00e7\u00e3o e as oscila\u00e7\u00f5es durante a rota\u00e7\u00e3o. As nossas polias s\u00e3o equilibradas e calibradas uma a uma. <\/p>\n","protected":false},"excerpt":{"rendered":"<p>Polias que cumprem a fun\u00e7\u00e3o de amortecedor de vibra\u00e7\u00f5es, absorvendo os choques, a tens\u00e3o da correia de distribui\u00e7\u00e3o e as oscila\u00e7\u00f5es durante a rota\u00e7\u00e3o. As nossas polias s\u00e3o equilibradas e calibradas uma a uma.<\/p>\n","protected":false},"featured_media":4833,"comment_status":"open","ping_status":"closed","template":"","meta":[],"product_cat":[789,791],"product_tag":[146],"_links":{"self":[{"href":"https:\/\/dev.cautex.com\/pt-pt\/wp-json\/wp\/v2\/product\/4832"}],"collection":[{"href":"https:\/\/dev.cautex.com\/pt-pt\/wp-json\/wp\/v2\/product"}],"about":[{"href":"https:\/\/dev.cautex.com\/pt-pt\/wp-json\/wp\/v2\/types\/product"}],"replies":[{"embeddable":true,"href":"https:\/\/dev.cautex.com\/pt-pt\/wp-json\/wp\/v2\/comments?post=4832"}],"wp:featuredmedia":[{"embeddable":true,"href":"https:\/\/dev.cautex.com\/pt-pt\/wp-json\/wp\/v2\/media\/4833"}],"wp:attachment":[{"href":"https:\/\/dev.cautex.com\/pt-pt\/wp-json\/wp\/v2\/media?parent=4832"}],"wp:term":[{"taxonomy":"product_cat","embeddable":true,"href":"https:\/\/dev.cautex.com\/pt-pt\/wp-json\/wp\/v2\/product_cat?post=4832"},{"taxonomy":"product_tag","embeddable":true,"href":"https:\/\/dev.cautex.com\/pt-pt\/wp-json\/wp\/v2\/product_tag?post=4832"}],"curies":[{"name":"wp","href":"https:\/\/api.w.org\/{rel}","templated":true}]}}