{"id":4830,"date":"2022-07-01T07:56:36","date_gmt":"2022-07-01T07:56:36","guid":{"rendered":"https:\/\/www.cautex.com\/producto\/polias-do-alternador\/"},"modified":"2022-07-01T07:56:36","modified_gmt":"2022-07-01T07:56:36","slug":"polias-do-alternador","status":"publish","type":"product","link":"https:\/\/dev.cautex.com\/pt-pt\/producto\/polias-do-alternador\/","title":{"rendered":"POLIAS DO ALTERNADOR"},"content":{"rendered":"<p>Gama espec\u00edfica de polias do alternador, com conce\u00e7\u00e3o e caracter\u00edsticas t\u00e9cnicas especificadas pela marca para cada um dos seus diferentes modelos de autom\u00f3veis, que asseguram a transmiss\u00e3o correta da energia el\u00e9trica requerida pelos acess\u00f3rios adicionais.<\/p>\n","protected":false},"excerpt":{"rendered":"<p>Gama espec\u00edfica de polias do alternador, com conce\u00e7\u00e3o e caracter\u00edsticas t\u00e9cnicas especificadas pela marca para cada um dos seus diferentes modelos de autom\u00f3veis, que asseguram a transmiss\u00e3o correta da energia el\u00e9trica requerida pelos acess\u00f3rios adicionais.<\/p>\n","protected":false},"featured_media":4831,"comment_status":"open","ping_status":"closed","template":"","meta":[],"product_cat":[789,790],"product_tag":[53],"_links":{"self":[{"href":"https:\/\/dev.cautex.com\/pt-pt\/wp-json\/wp\/v2\/product\/4830"}],"collection":[{"href":"https:\/\/dev.cautex.com\/pt-pt\/wp-json\/wp\/v2\/product"}],"about":[{"href":"https:\/\/dev.cautex.com\/pt-pt\/wp-json\/wp\/v2\/types\/product"}],"replies":[{"embeddable":true,"href":"https:\/\/dev.cautex.com\/pt-pt\/wp-json\/wp\/v2\/comments?post=4830"}],"wp:featuredmedia":[{"embeddable":true,"href":"https:\/\/dev.cautex.com\/pt-pt\/wp-json\/wp\/v2\/media\/4831"}],"wp:attachment":[{"href":"https:\/\/dev.cautex.com\/pt-pt\/wp-json\/wp\/v2\/media?parent=4830"}],"wp:term":[{"taxonomy":"product_cat","embeddable":true,"href":"https:\/\/dev.cautex.com\/pt-pt\/wp-json\/wp\/v2\/product_cat?post=4830"},{"taxonomy":"product_tag","embeddable":true,"href":"https:\/\/dev.cautex.com\/pt-pt\/wp-json\/wp\/v2\/product_tag?post=4830"}],"curies":[{"name":"wp","href":"https:\/\/api.w.org\/{rel}","templated":true}]}}