{"id":4827,"date":"2022-07-05T08:37:35","date_gmt":"2022-07-05T08:37:35","guid":{"rendered":"https:\/\/www.cautex.com\/producto\/jogos-de-foles-de-direccao-e-de-transmissao\/"},"modified":"2022-09-01T14:21:17","modified_gmt":"2022-09-01T14:21:17","slug":"jogos-de-foles-de-direccao-e-de-transmissao","status":"publish","type":"product","link":"https:\/\/dev.cautex.com\/pt-pt\/producto\/jogos-de-foles-de-direccao-e-de-transmissao\/","title":{"rendered":"JOGOS DE FOLES DE DIREC\u00c7\u00c3O E DE TRANSMISS\u00c3O"},"content":{"rendered":"<p>Uma vasta gama de foles altamente flex\u00edveis e resistentes, capazes de proteger os componentes de direc\u00e7\u00e3o e transmiss\u00e3o mais delicados contra agentes externos, tais como p\u00f3 ou lama. Os nossos kits incluem sempre, para al\u00e9m do fole necess\u00e1rio para reparar a direc\u00e7\u00e3o ou a transmiss\u00e3o, a massa lubrificante e os grampos necess\u00e1rios para a montagem.<\/p>\n","protected":false},"excerpt":{"rendered":"<p>Uma vasta gama de foles altamente flex\u00edveis e resistentes, capazes de proteger os componentes de direc\u00e7\u00e3o e transmiss\u00e3o mais delicados contra agentes externos, tais como p\u00f3 ou lama. Os nossos kits incluem sempre, para al\u00e9m do fole necess\u00e1rio para reparar a direc\u00e7\u00e3o ou a transmiss\u00e3o, a massa lubrificante e os grampos necess\u00e1rios para a montagem.<\/p>\n","protected":false},"featured_media":4829,"comment_status":"open","ping_status":"closed","template":"","meta":[],"product_cat":[788,783],"product_tag":[177],"_links":{"self":[{"href":"https:\/\/dev.cautex.com\/pt-pt\/wp-json\/wp\/v2\/product\/4827"}],"collection":[{"href":"https:\/\/dev.cautex.com\/pt-pt\/wp-json\/wp\/v2\/product"}],"about":[{"href":"https:\/\/dev.cautex.com\/pt-pt\/wp-json\/wp\/v2\/types\/product"}],"replies":[{"embeddable":true,"href":"https:\/\/dev.cautex.com\/pt-pt\/wp-json\/wp\/v2\/comments?post=4827"}],"wp:featuredmedia":[{"embeddable":true,"href":"https:\/\/dev.cautex.com\/pt-pt\/wp-json\/wp\/v2\/media\/4829"}],"wp:attachment":[{"href":"https:\/\/dev.cautex.com\/pt-pt\/wp-json\/wp\/v2\/media?parent=4827"}],"wp:term":[{"taxonomy":"product_cat","embeddable":true,"href":"https:\/\/dev.cautex.com\/pt-pt\/wp-json\/wp\/v2\/product_cat?post=4827"},{"taxonomy":"product_tag","embeddable":true,"href":"https:\/\/dev.cautex.com\/pt-pt\/wp-json\/wp\/v2\/product_tag?post=4827"}],"curies":[{"name":"wp","href":"https:\/\/api.w.org\/{rel}","templated":true}]}}