{"id":4825,"date":"2022-07-05T08:47:00","date_gmt":"2022-07-05T08:47:00","guid":{"rendered":"https:\/\/www.cautex.com\/producto\/jogos-universais-e-maquinas\/"},"modified":"2022-07-05T08:47:00","modified_gmt":"2022-07-05T08:47:00","slug":"jogos-universais-e-maquinas","status":"publish","type":"product","link":"https:\/\/dev.cautex.com\/pt-pt\/producto\/jogos-universais-e-maquinas\/","title":{"rendered":"JOGOS UNIVERSAIS E M\u00c1QUINAS"},"content":{"rendered":"<p>Dispomos de jogos de foles universais para a repara\u00e7\u00e3o da transmiss\u00e3o e dire\u00e7\u00e3o do autom\u00f3vel, em diferentes tamanhos e formatos. Tamb\u00e9m est\u00e3o inclu\u00eddos diferentes cones de montagem, bolsas de lubrificante, e uma m\u00e1quina pneum\u00e1tica que permite uma r\u00e1pida repara\u00e7\u00e3o por meio de ar comprimido. <\/p>\n","protected":false},"excerpt":{"rendered":"<p>Dispomos de jogos de foles universais para a repara\u00e7\u00e3o da transmiss\u00e3o e dire\u00e7\u00e3o do autom\u00f3vel, em diferentes tamanhos e formatos. Tamb\u00e9m est\u00e3o inclu\u00eddos diferentes cones de montagem, bolsas de lubrificante, e uma m\u00e1quina pneum\u00e1tica que permite uma r\u00e1pida repara\u00e7\u00e3o por meio de ar comprimido.<\/p>\n","protected":false},"featured_media":4826,"comment_status":"open","ping_status":"closed","template":"","meta":[],"product_cat":[783,787],"product_tag":[],"_links":{"self":[{"href":"https:\/\/dev.cautex.com\/pt-pt\/wp-json\/wp\/v2\/product\/4825"}],"collection":[{"href":"https:\/\/dev.cautex.com\/pt-pt\/wp-json\/wp\/v2\/product"}],"about":[{"href":"https:\/\/dev.cautex.com\/pt-pt\/wp-json\/wp\/v2\/types\/product"}],"replies":[{"embeddable":true,"href":"https:\/\/dev.cautex.com\/pt-pt\/wp-json\/wp\/v2\/comments?post=4825"}],"wp:featuredmedia":[{"embeddable":true,"href":"https:\/\/dev.cautex.com\/pt-pt\/wp-json\/wp\/v2\/media\/4826"}],"wp:attachment":[{"href":"https:\/\/dev.cautex.com\/pt-pt\/wp-json\/wp\/v2\/media?parent=4825"}],"wp:term":[{"taxonomy":"product_cat","embeddable":true,"href":"https:\/\/dev.cautex.com\/pt-pt\/wp-json\/wp\/v2\/product_cat?post=4825"},{"taxonomy":"product_tag","embeddable":true,"href":"https:\/\/dev.cautex.com\/pt-pt\/wp-json\/wp\/v2\/product_tag?post=4825"}],"curies":[{"name":"wp","href":"https:\/\/api.w.org\/{rel}","templated":true}]}}