{"id":4823,"date":"2022-07-05T08:48:59","date_gmt":"2022-07-05T08:48:59","guid":{"rendered":"https:\/\/www.cautex.com\/producto\/jogos-elasticos-adaptaveis\/"},"modified":"2022-07-05T08:48:59","modified_gmt":"2022-07-05T08:48:59","slug":"jogos-elasticos-adaptaveis","status":"publish","type":"product","link":"https:\/\/dev.cautex.com\/pt-pt\/producto\/jogos-elasticos-adaptaveis\/","title":{"rendered":"JOGOS EL\u00c1STICOS ADAPT\u00c1VEIS"},"content":{"rendered":"<p>Gama espec\u00edfica composta por jogos de foles desenvolvidos com borracha ou neopreno de alta elasticidade que permite a sua r\u00e1pida montagem. A conce\u00e7\u00e3o \u00e9 \u201csemi-universal&#8221; e adapt\u00e1vel \u00e0 maioria dos diferentes modelos de Autom\u00f3veis. <\/p>\n","protected":false},"excerpt":{"rendered":"<p>Gama espec\u00edfica composta por jogos de foles desenvolvidos com borracha ou neopreno de alta elasticidade que permite a sua r\u00e1pida montagem. A conce\u00e7\u00e3o \u00e9 \u201csemi-universal&#8221; e adapt\u00e1vel \u00e0 maioria dos diferentes modelos de Autom\u00f3veis.<\/p>\n","protected":false},"featured_media":4824,"comment_status":"open","ping_status":"closed","template":"","meta":[],"product_cat":[783,786],"product_tag":[179],"_links":{"self":[{"href":"https:\/\/dev.cautex.com\/pt-pt\/wp-json\/wp\/v2\/product\/4823"}],"collection":[{"href":"https:\/\/dev.cautex.com\/pt-pt\/wp-json\/wp\/v2\/product"}],"about":[{"href":"https:\/\/dev.cautex.com\/pt-pt\/wp-json\/wp\/v2\/types\/product"}],"replies":[{"embeddable":true,"href":"https:\/\/dev.cautex.com\/pt-pt\/wp-json\/wp\/v2\/comments?post=4823"}],"wp:featuredmedia":[{"embeddable":true,"href":"https:\/\/dev.cautex.com\/pt-pt\/wp-json\/wp\/v2\/media\/4824"}],"wp:attachment":[{"href":"https:\/\/dev.cautex.com\/pt-pt\/wp-json\/wp\/v2\/media?parent=4823"}],"wp:term":[{"taxonomy":"product_cat","embeddable":true,"href":"https:\/\/dev.cautex.com\/pt-pt\/wp-json\/wp\/v2\/product_cat?post=4823"},{"taxonomy":"product_tag","embeddable":true,"href":"https:\/\/dev.cautex.com\/pt-pt\/wp-json\/wp\/v2\/product_tag?post=4823"}],"curies":[{"name":"wp","href":"https:\/\/api.w.org\/{rel}","templated":true}]}}