{"id":4821,"date":"2022-07-05T08:40:15","date_gmt":"2022-07-05T08:40:15","guid":{"rendered":"https:\/\/www.cautex.com\/producto\/jogos-de-transmissao-elasticos\/"},"modified":"2022-07-05T08:40:15","modified_gmt":"2022-07-05T08:40:15","slug":"jogos-de-transmissao-elasticos","status":"publish","type":"product","link":"https:\/\/dev.cautex.com\/pt-pt\/producto\/jogos-de-transmissao-elasticos\/","title":{"rendered":"JOGOS DE TRANSMISS\u00c3O EL\u00c1STICOS"},"content":{"rendered":"<p>Gama espec\u00edfica de jogos de foles de repara\u00e7\u00e3o da transmiss\u00e3o autom\u00f3vel, de diferentes tamanhos e formatos, desenvolvidos com borracha ou neopreno de alta elasticidade que permite a sua r\u00e1pida montagem por meio de um cone ou m\u00e1quina pneum\u00e1tica. T\u00eam a mesma conce\u00e7\u00e3o espec\u00edfica da marca para cada um dos seus diferentes modelos de Autom\u00f3veis. <\/p>\n","protected":false},"excerpt":{"rendered":"<p>Gama espec\u00edfica de jogos de foles de repara\u00e7\u00e3o da transmiss\u00e3o autom\u00f3vel, de diferentes tamanhos e formatos, desenvolvidos com borracha ou neopreno de alta elasticidade que permite a sua r\u00e1pida montagem por meio de um cone ou m\u00e1quina pneum\u00e1tica. T\u00eam a mesma conce\u00e7\u00e3o espec\u00edfica da marca para cada um dos seus diferentes modelos de Autom\u00f3veis.<\/p>\n","protected":false},"featured_media":4822,"comment_status":"open","ping_status":"closed","template":"","meta":[],"product_cat":[785,783],"product_tag":[178],"_links":{"self":[{"href":"https:\/\/dev.cautex.com\/pt-pt\/wp-json\/wp\/v2\/product\/4821"}],"collection":[{"href":"https:\/\/dev.cautex.com\/pt-pt\/wp-json\/wp\/v2\/product"}],"about":[{"href":"https:\/\/dev.cautex.com\/pt-pt\/wp-json\/wp\/v2\/types\/product"}],"replies":[{"embeddable":true,"href":"https:\/\/dev.cautex.com\/pt-pt\/wp-json\/wp\/v2\/comments?post=4821"}],"wp:featuredmedia":[{"embeddable":true,"href":"https:\/\/dev.cautex.com\/pt-pt\/wp-json\/wp\/v2\/media\/4822"}],"wp:attachment":[{"href":"https:\/\/dev.cautex.com\/pt-pt\/wp-json\/wp\/v2\/media?parent=4821"}],"wp:term":[{"taxonomy":"product_cat","embeddable":true,"href":"https:\/\/dev.cautex.com\/pt-pt\/wp-json\/wp\/v2\/product_cat?post=4821"},{"taxonomy":"product_tag","embeddable":true,"href":"https:\/\/dev.cautex.com\/pt-pt\/wp-json\/wp\/v2\/product_tag?post=4821"}],"curies":[{"name":"wp","href":"https:\/\/api.w.org\/{rel}","templated":true}]}}