{"id":4819,"date":"2022-07-05T08:51:31","date_gmt":"2022-07-05T08:51:31","guid":{"rendered":"https:\/\/www.cautex.com\/producto\/jogos-de-rolamentos-de-roda\/"},"modified":"2022-07-05T08:51:31","modified_gmt":"2022-07-05T08:51:31","slug":"jogos-de-rolamentos-de-roda","status":"publish","type":"product","link":"https:\/\/dev.cautex.com\/pt-pt\/producto\/jogos-de-rolamentos-de-roda\/","title":{"rendered":"JOGOS DE ROLAMENTOS DE RODA"},"content":{"rendered":"<p>Os rolamentos de roda s\u00e3o concebidos para assegurar a rota\u00e7\u00e3o das rodas e responder a v\u00e1rias restri\u00e7\u00f5es, tais como a carga m\u00e1xima admiss\u00edvel ou a resist\u00eancia ao arranque. A redu\u00e7\u00e3o da resist\u00eancia ao rolamento permite otimizar a vida \u00fatil dos pneus. O jogo de rolamentos de roda inclui um aro (interno e externo), bem como um compartimento com esferas ou roletes.  <\/p>\n","protected":false},"excerpt":{"rendered":"<p>Os rolamentos de roda s\u00e3o concebidos para assegurar a rota\u00e7\u00e3o das rodas e responder a v\u00e1rias restri\u00e7\u00f5es, tais como a carga m\u00e1xima admiss\u00edvel ou a resist\u00eancia ao arranque. A redu\u00e7\u00e3o da resist\u00eancia ao rolamento permite otimizar a vida \u00fatil dos pneus. O jogo de rolamentos de roda inclui um aro (interno e externo), bem como [&hellip;]<\/p>\n","protected":false},"featured_media":4820,"comment_status":"open","ping_status":"closed","template":"","meta":[],"product_cat":[784,783],"product_tag":[],"_links":{"self":[{"href":"https:\/\/dev.cautex.com\/pt-pt\/wp-json\/wp\/v2\/product\/4819"}],"collection":[{"href":"https:\/\/dev.cautex.com\/pt-pt\/wp-json\/wp\/v2\/product"}],"about":[{"href":"https:\/\/dev.cautex.com\/pt-pt\/wp-json\/wp\/v2\/types\/product"}],"replies":[{"embeddable":true,"href":"https:\/\/dev.cautex.com\/pt-pt\/wp-json\/wp\/v2\/comments?post=4819"}],"wp:featuredmedia":[{"embeddable":true,"href":"https:\/\/dev.cautex.com\/pt-pt\/wp-json\/wp\/v2\/media\/4820"}],"wp:attachment":[{"href":"https:\/\/dev.cautex.com\/pt-pt\/wp-json\/wp\/v2\/media?parent=4819"}],"wp:term":[{"taxonomy":"product_cat","embeddable":true,"href":"https:\/\/dev.cautex.com\/pt-pt\/wp-json\/wp\/v2\/product_cat?post=4819"},{"taxonomy":"product_tag","embeddable":true,"href":"https:\/\/dev.cautex.com\/pt-pt\/wp-json\/wp\/v2\/product_tag?post=4819"}],"curies":[{"name":"wp","href":"https:\/\/api.w.org\/{rel}","templated":true}]}}