{"id":4817,"date":"2022-07-01T07:42:29","date_gmt":"2022-07-01T07:42:29","guid":{"rendered":"https:\/\/www.cautex.com\/producto\/juntas-e-perfis\/"},"modified":"2022-07-01T07:42:29","modified_gmt":"2022-07-01T07:42:29","slug":"juntas-e-perfis","status":"publish","type":"product","link":"https:\/\/dev.cautex.com\/pt-pt\/producto\/juntas-e-perfis\/","title":{"rendered":"JUNTAS E PERFIS"},"content":{"rendered":"<p>Vasta variedade de diferentes tamanhos e tipos de juntas e perfis, para contornos de portas, para-brisas, esponjas, magn\u00e9ticos&#8230; Dispon\u00edvel em v\u00e1rios materiais, tais como borracha natural, EPDM, nitrile&#8230;<\/p>\n","protected":false},"excerpt":{"rendered":"<p>Vasta variedade de diferentes tamanhos e tipos de juntas e perfis, para contornos de portas, para-brisas, esponjas, magn\u00e9ticos&#8230; Dispon\u00edvel em v\u00e1rios materiais, tais como borracha natural, EPDM, nitrile&#8230;<\/p>\n","protected":false},"featured_media":4818,"comment_status":"open","ping_status":"closed","template":"","meta":[],"product_cat":[782],"product_tag":[],"_links":{"self":[{"href":"https:\/\/dev.cautex.com\/pt-pt\/wp-json\/wp\/v2\/product\/4817"}],"collection":[{"href":"https:\/\/dev.cautex.com\/pt-pt\/wp-json\/wp\/v2\/product"}],"about":[{"href":"https:\/\/dev.cautex.com\/pt-pt\/wp-json\/wp\/v2\/types\/product"}],"replies":[{"embeddable":true,"href":"https:\/\/dev.cautex.com\/pt-pt\/wp-json\/wp\/v2\/comments?post=4817"}],"wp:featuredmedia":[{"embeddable":true,"href":"https:\/\/dev.cautex.com\/pt-pt\/wp-json\/wp\/v2\/media\/4818"}],"wp:attachment":[{"href":"https:\/\/dev.cautex.com\/pt-pt\/wp-json\/wp\/v2\/media?parent=4817"}],"wp:term":[{"taxonomy":"product_cat","embeddable":true,"href":"https:\/\/dev.cautex.com\/pt-pt\/wp-json\/wp\/v2\/product_cat?post=4817"},{"taxonomy":"product_tag","embeddable":true,"href":"https:\/\/dev.cautex.com\/pt-pt\/wp-json\/wp\/v2\/product_tag?post=4817"}],"curies":[{"name":"wp","href":"https:\/\/api.w.org\/{rel}","templated":true}]}}