{"id":4815,"date":"2022-07-06T07:57:02","date_gmt":"2022-07-06T07:57:02","guid":{"rendered":"https:\/\/www.cautex.com\/producto\/elevadores-de-vidro\/"},"modified":"2022-07-06T07:57:02","modified_gmt":"2022-07-06T07:57:02","slug":"elevadores-de-vidro","status":"publish","type":"product","link":"https:\/\/dev.cautex.com\/pt-pt\/producto\/elevadores-de-vidro\/","title":{"rendered":"ELEVADORES DE VIDRO"},"content":{"rendered":"<p>Vasta gama de diferentes tipos de elevadores de vidro: manuais, el\u00e9tricos, com ou sem motor, sistema confort&#8230; para autom\u00f3veis e tamb\u00e9m para ve\u00edculos industriais. Todos os elevadores de vidro cumprem as normas europeias de qualidade exigidas pelos fabricantes de Autom\u00f3veis. <\/p>\n","protected":false},"excerpt":{"rendered":"<p>Vasta gama de diferentes tipos de elevadores de vidro: manuais, el\u00e9tricos, com ou sem motor, sistema confort&#8230; para autom\u00f3veis e tamb\u00e9m para ve\u00edculos industriais. Todos os elevadores de vidro cumprem as normas europeias de qualidade exigidas pelos fabricantes de Autom\u00f3veis.<\/p>\n","protected":false},"featured_media":4816,"comment_status":"open","ping_status":"closed","template":"","meta":[],"product_cat":[781],"product_tag":[189],"_links":{"self":[{"href":"https:\/\/dev.cautex.com\/pt-pt\/wp-json\/wp\/v2\/product\/4815"}],"collection":[{"href":"https:\/\/dev.cautex.com\/pt-pt\/wp-json\/wp\/v2\/product"}],"about":[{"href":"https:\/\/dev.cautex.com\/pt-pt\/wp-json\/wp\/v2\/types\/product"}],"replies":[{"embeddable":true,"href":"https:\/\/dev.cautex.com\/pt-pt\/wp-json\/wp\/v2\/comments?post=4815"}],"wp:featuredmedia":[{"embeddable":true,"href":"https:\/\/dev.cautex.com\/pt-pt\/wp-json\/wp\/v2\/media\/4816"}],"wp:attachment":[{"href":"https:\/\/dev.cautex.com\/pt-pt\/wp-json\/wp\/v2\/media?parent=4815"}],"wp:term":[{"taxonomy":"product_cat","embeddable":true,"href":"https:\/\/dev.cautex.com\/pt-pt\/wp-json\/wp\/v2\/product_cat?post=4815"},{"taxonomy":"product_tag","embeddable":true,"href":"https:\/\/dev.cautex.com\/pt-pt\/wp-json\/wp\/v2\/product_tag?post=4815"}],"curies":[{"name":"wp","href":"https:\/\/api.w.org\/{rel}","templated":true}]}}