{"id":4813,"date":"2022-07-01T07:47:59","date_gmt":"2022-07-01T07:47:59","guid":{"rendered":"https:\/\/www.cautex.com\/producto\/fechos\/"},"modified":"2022-07-01T07:47:59","modified_gmt":"2022-07-01T07:47:59","slug":"fechos","status":"publish","type":"product","link":"https:\/\/dev.cautex.com\/pt-pt\/producto\/fechos\/","title":{"rendered":"FECHOS"},"content":{"rendered":"<p>Embora a maioria dos ve\u00edculos atuais esteja equipada com um sistema de fecho centralizado, ainda contamos com fechos em caso de falha do sistema eletr\u00f3nico. \u00c9 por isso que ainda encontramos fechos nas portas, no porta-bagagens e no fecho de dire\u00e7\u00e3o. A Cautex disp\u00f5e de uma gama espec\u00edfica para diferentes fechos em caso de falha do sistema el\u00e9trico, bem como diferentes fechos para determinados ve\u00edculos mais antigos.  <\/p>\n","protected":false},"excerpt":{"rendered":"<p>Embora a maioria dos ve\u00edculos atuais esteja equipada com um sistema de fecho centralizado, ainda contamos com fechos em caso de falha do sistema eletr\u00f3nico. \u00c9 por isso que ainda encontramos fechos nas portas, no porta-bagagens e no fecho de dire\u00e7\u00e3o. A Cautex disp\u00f5e de uma gama espec\u00edfica para diferentes fechos em caso de falha [&hellip;]<\/p>\n","protected":false},"featured_media":4814,"comment_status":"open","ping_status":"closed","template":"","meta":[],"product_cat":[780],"product_tag":[],"_links":{"self":[{"href":"https:\/\/dev.cautex.com\/pt-pt\/wp-json\/wp\/v2\/product\/4813"}],"collection":[{"href":"https:\/\/dev.cautex.com\/pt-pt\/wp-json\/wp\/v2\/product"}],"about":[{"href":"https:\/\/dev.cautex.com\/pt-pt\/wp-json\/wp\/v2\/types\/product"}],"replies":[{"embeddable":true,"href":"https:\/\/dev.cautex.com\/pt-pt\/wp-json\/wp\/v2\/comments?post=4813"}],"wp:featuredmedia":[{"embeddable":true,"href":"https:\/\/dev.cautex.com\/pt-pt\/wp-json\/wp\/v2\/media\/4814"}],"wp:attachment":[{"href":"https:\/\/dev.cautex.com\/pt-pt\/wp-json\/wp\/v2\/media?parent=4813"}],"wp:term":[{"taxonomy":"product_cat","embeddable":true,"href":"https:\/\/dev.cautex.com\/pt-pt\/wp-json\/wp\/v2\/product_cat?post=4813"},{"taxonomy":"product_tag","embeddable":true,"href":"https:\/\/dev.cautex.com\/pt-pt\/wp-json\/wp\/v2\/product_tag?post=4813"}],"curies":[{"name":"wp","href":"https:\/\/api.w.org\/{rel}","templated":true}]}}