{"id":4811,"date":"2022-07-05T07:41:14","date_gmt":"2022-07-05T07:41:14","guid":{"rendered":"https:\/\/www.cautex.com\/producto\/varetas-e-guias-do-nivel-de-oleo\/"},"modified":"2022-07-05T07:41:14","modified_gmt":"2022-07-05T07:41:14","slug":"varetas-e-guias-do-nivel-de-oleo","status":"publish","type":"product","link":"https:\/\/dev.cautex.com\/pt-pt\/producto\/varetas-e-guias-do-nivel-de-oleo\/","title":{"rendered":"VARETAS E GUIAS DO N\u00cdVEL DE \u00d3LEO"},"content":{"rendered":"<p>A vareta do n\u00edvel do \u00f3leo \u00e9 um elemento met\u00e1lico utilizado para medir com precis\u00e3o a quantidade de lubrificante de um ve\u00edculo. Por vezes tem um indicador de pl\u00e1stico numa extremidade, enquanto a extremidade oposta tem normalmente uma anilha para f\u00e1cil remo\u00e7\u00e3o. Na ponta da vareta existem duas marcas: uma superior que indica o n\u00edvel m\u00e1ximo, e outra inferior que indica o n\u00edvel m\u00ednimo de \u00f3leo com o qual o motor pode funcionar.  <\/p>\n","protected":false},"excerpt":{"rendered":"<p>A vareta do n\u00edvel do \u00f3leo \u00e9 um elemento met\u00e1lico utilizado para medir com precis\u00e3o a quantidade de lubrificante de um ve\u00edculo. Por vezes tem um indicador de pl\u00e1stico numa extremidade, enquanto a extremidade oposta tem normalmente uma anilha para f\u00e1cil remo\u00e7\u00e3o. Na ponta da vareta existem duas marcas: uma superior que indica o n\u00edvel [&hellip;]<\/p>\n","protected":false},"featured_media":4812,"comment_status":"open","ping_status":"closed","template":"","meta":[],"product_cat":[760,779],"product_tag":[170],"_links":{"self":[{"href":"https:\/\/dev.cautex.com\/pt-pt\/wp-json\/wp\/v2\/product\/4811"}],"collection":[{"href":"https:\/\/dev.cautex.com\/pt-pt\/wp-json\/wp\/v2\/product"}],"about":[{"href":"https:\/\/dev.cautex.com\/pt-pt\/wp-json\/wp\/v2\/types\/product"}],"replies":[{"embeddable":true,"href":"https:\/\/dev.cautex.com\/pt-pt\/wp-json\/wp\/v2\/comments?post=4811"}],"wp:featuredmedia":[{"embeddable":true,"href":"https:\/\/dev.cautex.com\/pt-pt\/wp-json\/wp\/v2\/media\/4812"}],"wp:attachment":[{"href":"https:\/\/dev.cautex.com\/pt-pt\/wp-json\/wp\/v2\/media?parent=4811"}],"wp:term":[{"taxonomy":"product_cat","embeddable":true,"href":"https:\/\/dev.cautex.com\/pt-pt\/wp-json\/wp\/v2\/product_cat?post=4811"},{"taxonomy":"product_tag","embeddable":true,"href":"https:\/\/dev.cautex.com\/pt-pt\/wp-json\/wp\/v2\/product_tag?post=4811"}],"curies":[{"name":"wp","href":"https:\/\/api.w.org\/{rel}","templated":true}]}}