{"id":4809,"date":"2022-07-01T10:58:39","date_gmt":"2022-07-01T10:58:39","guid":{"rendered":"https:\/\/www.cautex.com\/producto\/apoios-e-batentes-amortecedores\/"},"modified":"2022-07-01T10:58:39","modified_gmt":"2022-07-01T10:58:39","slug":"apoios-e-batentes-amortecedores","status":"publish","type":"product","link":"https:\/\/dev.cautex.com\/pt-pt\/producto\/apoios-e-batentes-amortecedores\/","title":{"rendered":"APOIOS E BATENTES-AMORTECEDORES"},"content":{"rendered":"<p>Conjunto de apoios e batentes de suspens\u00e3o que asseguram a continuidade da suspens\u00e3o e evitam a sua paragem, travando assim a compress\u00e3o excessiva do referido sistema. Al\u00e9m disso, estes batentes evitam o contacto brusco entre pe\u00e7as como o bra\u00e7o de suspens\u00e3o e a carro\u00e7aria. <\/p>\n","protected":false},"excerpt":{"rendered":"<p>Conjunto de apoios e batentes de suspens\u00e3o que asseguram a continuidade da suspens\u00e3o e evitam a sua paragem, travando assim a compress\u00e3o excessiva do referido sistema. Al\u00e9m disso, estes batentes evitam o contacto brusco entre pe\u00e7as como o bra\u00e7o de suspens\u00e3o e a carro\u00e7aria.<\/p>\n","protected":false},"featured_media":4810,"comment_status":"open","ping_status":"closed","template":"","meta":[],"product_cat":[778,760],"product_tag":[159],"_links":{"self":[{"href":"https:\/\/dev.cautex.com\/pt-pt\/wp-json\/wp\/v2\/product\/4809"}],"collection":[{"href":"https:\/\/dev.cautex.com\/pt-pt\/wp-json\/wp\/v2\/product"}],"about":[{"href":"https:\/\/dev.cautex.com\/pt-pt\/wp-json\/wp\/v2\/types\/product"}],"replies":[{"embeddable":true,"href":"https:\/\/dev.cautex.com\/pt-pt\/wp-json\/wp\/v2\/comments?post=4809"}],"wp:featuredmedia":[{"embeddable":true,"href":"https:\/\/dev.cautex.com\/pt-pt\/wp-json\/wp\/v2\/media\/4810"}],"wp:attachment":[{"href":"https:\/\/dev.cautex.com\/pt-pt\/wp-json\/wp\/v2\/media?parent=4809"}],"wp:term":[{"taxonomy":"product_cat","embeddable":true,"href":"https:\/\/dev.cautex.com\/pt-pt\/wp-json\/wp\/v2\/product_cat?post=4809"},{"taxonomy":"product_tag","embeddable":true,"href":"https:\/\/dev.cautex.com\/pt-pt\/wp-json\/wp\/v2\/product_tag?post=4809"}],"curies":[{"name":"wp","href":"https:\/\/api.w.org\/{rel}","templated":true}]}}