{"id":4807,"date":"2022-07-05T07:57:27","date_gmt":"2022-07-05T07:57:27","guid":{"rendered":"https:\/\/www.cautex.com\/producto\/apoios-de-tubos-de-escape\/"},"modified":"2022-07-05T07:57:27","modified_gmt":"2022-07-05T07:57:27","slug":"apoios-de-tubos-de-escape","status":"publish","type":"product","link":"https:\/\/dev.cautex.com\/pt-pt\/producto\/apoios-de-tubos-de-escape\/","title":{"rendered":"APOIOS DE TUBOS DE ESCAPE"},"content":{"rendered":"<p>Ampla gama de apoios para silenciadores, a solu\u00e7\u00e3o ideal para sistemas de escape de qualquer tipo de autom\u00f3vel. O nosso extenso cat\u00e1logo oferece equipamentos para silenciosos dos principais fabricantes de autom\u00f3veis europeus e asi\u00e1ticos. <\/p>\n","protected":false},"excerpt":{"rendered":"<p>Ampla gama de apoios para silenciadores, a solu\u00e7\u00e3o ideal para sistemas de escape de qualquer tipo de autom\u00f3vel. O nosso extenso cat\u00e1logo oferece equipamentos para silenciosos dos principais fabricantes de autom\u00f3veis europeus e asi\u00e1ticos.<\/p>\n","protected":false},"featured_media":4808,"comment_status":"open","ping_status":"closed","template":"","meta":[],"product_cat":[777,760],"product_tag":[173],"_links":{"self":[{"href":"https:\/\/dev.cautex.com\/pt-pt\/wp-json\/wp\/v2\/product\/4807"}],"collection":[{"href":"https:\/\/dev.cautex.com\/pt-pt\/wp-json\/wp\/v2\/product"}],"about":[{"href":"https:\/\/dev.cautex.com\/pt-pt\/wp-json\/wp\/v2\/types\/product"}],"replies":[{"embeddable":true,"href":"https:\/\/dev.cautex.com\/pt-pt\/wp-json\/wp\/v2\/comments?post=4807"}],"wp:featuredmedia":[{"embeddable":true,"href":"https:\/\/dev.cautex.com\/pt-pt\/wp-json\/wp\/v2\/media\/4808"}],"wp:attachment":[{"href":"https:\/\/dev.cautex.com\/pt-pt\/wp-json\/wp\/v2\/media?parent=4807"}],"wp:term":[{"taxonomy":"product_cat","embeddable":true,"href":"https:\/\/dev.cautex.com\/pt-pt\/wp-json\/wp\/v2\/product_cat?post=4807"},{"taxonomy":"product_tag","embeddable":true,"href":"https:\/\/dev.cautex.com\/pt-pt\/wp-json\/wp\/v2\/product_tag?post=4807"}],"curies":[{"name":"wp","href":"https:\/\/api.w.org\/{rel}","templated":true}]}}