{"id":4805,"date":"2022-07-05T07:54:32","date_gmt":"2022-07-05T07:54:32","guid":{"rendered":"https:\/\/www.cautex.com\/producto\/apoios-de-motor-transmissao-e-caixas-de-velocidades\/"},"modified":"2022-07-05T07:54:32","modified_gmt":"2022-07-05T07:54:32","slug":"apoios-de-motor-transmissao-e-caixas-de-velocidades","status":"publish","type":"product","link":"https:\/\/dev.cautex.com\/pt-pt\/producto\/apoios-de-motor-transmissao-e-caixas-de-velocidades\/","title":{"rendered":"APOIOS DE MOTOR, TRANSMISS\u00c3O E CAIXAS DE VELOCIDADES"},"content":{"rendered":"<p>Ampla gama de apoios de motor, transmiss\u00e3o e caixa de velocidades, com conce\u00e7\u00e3o e caracter\u00edsticas t\u00e9cnicas que respeitam a dureza e o modelo das pe\u00e7as de origem para assegurar o amortecimento correto das vibra\u00e7\u00f5es do motor, dependendo de cada modelo espec\u00edfico. Gra\u00e7as \u00e0 qualidade da borracha que os comp\u00f5em, esta absorve os impactos e as vibra\u00e7\u00f5es geradas por todo o bloco do motor, tornando a condu\u00e7\u00e3o muito mais agrad\u00e1vel. <\/p>\n","protected":false},"excerpt":{"rendered":"<p>Ampla gama de apoios de motor, transmiss\u00e3o e caixa de velocidades, com conce\u00e7\u00e3o e caracter\u00edsticas t\u00e9cnicas que respeitam a dureza e o modelo das pe\u00e7as de origem para assegurar o amortecimento correto das vibra\u00e7\u00f5es do motor, dependendo de cada modelo espec\u00edfico. Gra\u00e7as \u00e0 qualidade da borracha que os comp\u00f5em, esta absorve os impactos e as [&hellip;]<\/p>\n","protected":false},"featured_media":4806,"comment_status":"open","ping_status":"closed","template":"","meta":[],"product_cat":[776,760],"product_tag":[172],"_links":{"self":[{"href":"https:\/\/dev.cautex.com\/pt-pt\/wp-json\/wp\/v2\/product\/4805"}],"collection":[{"href":"https:\/\/dev.cautex.com\/pt-pt\/wp-json\/wp\/v2\/product"}],"about":[{"href":"https:\/\/dev.cautex.com\/pt-pt\/wp-json\/wp\/v2\/types\/product"}],"replies":[{"embeddable":true,"href":"https:\/\/dev.cautex.com\/pt-pt\/wp-json\/wp\/v2\/comments?post=4805"}],"wp:featuredmedia":[{"embeddable":true,"href":"https:\/\/dev.cautex.com\/pt-pt\/wp-json\/wp\/v2\/media\/4806"}],"wp:attachment":[{"href":"https:\/\/dev.cautex.com\/pt-pt\/wp-json\/wp\/v2\/media?parent=4805"}],"wp:term":[{"taxonomy":"product_cat","embeddable":true,"href":"https:\/\/dev.cautex.com\/pt-pt\/wp-json\/wp\/v2\/product_cat?post=4805"},{"taxonomy":"product_tag","embeddable":true,"href":"https:\/\/dev.cautex.com\/pt-pt\/wp-json\/wp\/v2\/product_tag?post=4805"}],"curies":[{"name":"wp","href":"https:\/\/api.w.org\/{rel}","templated":true}]}}