{"id":4803,"date":"2022-07-05T07:59:33","date_gmt":"2022-07-05T07:59:33","guid":{"rendered":"https:\/\/www.cautex.com\/producto\/apoios-do-carburador\/"},"modified":"2022-07-05T07:59:33","modified_gmt":"2022-07-05T07:59:33","slug":"apoios-do-carburador","status":"publish","type":"product","link":"https:\/\/dev.cautex.com\/pt-pt\/producto\/apoios-do-carburador\/","title":{"rendered":"APOIOS DO CARBURADOR"},"content":{"rendered":"<p>O carburador \u00e9 um elemento mec\u00e2nico essencial, uma vez que a sua fun\u00e7\u00e3o \u00e9 manter uma mistura homog\u00e9nea de ar e combust\u00edvel nas propor\u00e7\u00f5es corretas para o bom funcionamento de todos os motores. Para que funcione corretamente, deve ser bem fixo com um apoio. <\/p>\n","protected":false},"excerpt":{"rendered":"<p>O carburador \u00e9 um elemento mec\u00e2nico essencial, uma vez que a sua fun\u00e7\u00e3o \u00e9 manter uma mistura homog\u00e9nea de ar e combust\u00edvel nas propor\u00e7\u00f5es corretas para o bom funcionamento de todos os motores. Para que funcione corretamente, deve ser bem fixo com um apoio.<\/p>\n","protected":false},"featured_media":4804,"comment_status":"open","ping_status":"closed","template":"","meta":[],"product_cat":[775,760],"product_tag":[174],"_links":{"self":[{"href":"https:\/\/dev.cautex.com\/pt-pt\/wp-json\/wp\/v2\/product\/4803"}],"collection":[{"href":"https:\/\/dev.cautex.com\/pt-pt\/wp-json\/wp\/v2\/product"}],"about":[{"href":"https:\/\/dev.cautex.com\/pt-pt\/wp-json\/wp\/v2\/types\/product"}],"replies":[{"embeddable":true,"href":"https:\/\/dev.cautex.com\/pt-pt\/wp-json\/wp\/v2\/comments?post=4803"}],"wp:featuredmedia":[{"embeddable":true,"href":"https:\/\/dev.cautex.com\/pt-pt\/wp-json\/wp\/v2\/media\/4804"}],"wp:attachment":[{"href":"https:\/\/dev.cautex.com\/pt-pt\/wp-json\/wp\/v2\/media?parent=4803"}],"wp:term":[{"taxonomy":"product_cat","embeddable":true,"href":"https:\/\/dev.cautex.com\/pt-pt\/wp-json\/wp\/v2\/product_cat?post=4803"},{"taxonomy":"product_tag","embeddable":true,"href":"https:\/\/dev.cautex.com\/pt-pt\/wp-json\/wp\/v2\/product_tag?post=4803"}],"curies":[{"name":"wp","href":"https:\/\/api.w.org\/{rel}","templated":true}]}}