{"id":4801,"date":"2022-07-05T07:44:57","date_gmt":"2022-07-05T07:44:57","guid":{"rendered":"https:\/\/www.cautex.com\/producto\/apoios-de-barra-estabilizadora\/"},"modified":"2022-07-05T07:44:57","modified_gmt":"2022-07-05T07:44:57","slug":"apoios-de-barra-estabilizadora","status":"publish","type":"product","link":"https:\/\/dev.cautex.com\/pt-pt\/producto\/apoios-de-barra-estabilizadora\/","title":{"rendered":"APOIOS DE BARRA ESTABILIZADORA"},"content":{"rendered":"<p>Sele\u00e7\u00e3o de borrachas para a barra estabilizadora que, gra\u00e7as \u00e0 qualidade do seu material e ao seu modelo melhorado, permitem a rota\u00e7\u00e3o da barra e eliminam qualquer vibra\u00e7\u00e3o e ru\u00eddo que esta possa causar.<\/p>\n","protected":false},"excerpt":{"rendered":"<p>Sele\u00e7\u00e3o de borrachas para a barra estabilizadora que, gra\u00e7as \u00e0 qualidade do seu material e ao seu modelo melhorado, permitem a rota\u00e7\u00e3o da barra e eliminam qualquer vibra\u00e7\u00e3o e ru\u00eddo que esta possa causar.<\/p>\n","protected":false},"featured_media":4802,"comment_status":"open","ping_status":"closed","template":"","meta":[],"product_cat":[774,760],"product_tag":[171],"_links":{"self":[{"href":"https:\/\/dev.cautex.com\/pt-pt\/wp-json\/wp\/v2\/product\/4801"}],"collection":[{"href":"https:\/\/dev.cautex.com\/pt-pt\/wp-json\/wp\/v2\/product"}],"about":[{"href":"https:\/\/dev.cautex.com\/pt-pt\/wp-json\/wp\/v2\/types\/product"}],"replies":[{"embeddable":true,"href":"https:\/\/dev.cautex.com\/pt-pt\/wp-json\/wp\/v2\/comments?post=4801"}],"wp:featuredmedia":[{"embeddable":true,"href":"https:\/\/dev.cautex.com\/pt-pt\/wp-json\/wp\/v2\/media\/4802"}],"wp:attachment":[{"href":"https:\/\/dev.cautex.com\/pt-pt\/wp-json\/wp\/v2\/media?parent=4801"}],"wp:term":[{"taxonomy":"product_cat","embeddable":true,"href":"https:\/\/dev.cautex.com\/pt-pt\/wp-json\/wp\/v2\/product_cat?post=4801"},{"taxonomy":"product_tag","embeddable":true,"href":"https:\/\/dev.cautex.com\/pt-pt\/wp-json\/wp\/v2\/product_tag?post=4801"}],"curies":[{"name":"wp","href":"https:\/\/api.w.org\/{rel}","templated":true}]}}