{"id":4799,"date":"2022-07-05T07:33:50","date_gmt":"2022-07-05T07:33:50","guid":{"rendered":"https:\/\/www.cautex.com\/producto\/pecas-de-embraiagem-diversas\/"},"modified":"2022-07-05T07:33:50","modified_gmt":"2022-07-05T07:33:50","slug":"pecas-de-embraiagem-diversas","status":"publish","type":"product","link":"https:\/\/dev.cautex.com\/pt-pt\/producto\/pecas-de-embraiagem-diversas\/","title":{"rendered":"PE\u00c7AS DE EMBRAIAGEM DIVERSAS"},"content":{"rendered":"<p>Variedade de pe\u00e7as de embraiagem: cilindros, forquilhas, jogos de alavanca, casquilhos, varetas&#8230; at\u00e9 jogos para a mudan\u00e7a do pedal de embraiagem.<\/p>\n","protected":false},"excerpt":{"rendered":"<p>Variedade de pe\u00e7as de embraiagem: cilindros, forquilhas, jogos de alavanca, casquilhos, varetas&#8230; at\u00e9 jogos para a mudan\u00e7a do pedal de embraiagem.<\/p>\n","protected":false},"featured_media":4800,"comment_status":"open","ping_status":"closed","template":"","meta":[],"product_cat":[760,773],"product_tag":[169],"_links":{"self":[{"href":"https:\/\/dev.cautex.com\/pt-pt\/wp-json\/wp\/v2\/product\/4799"}],"collection":[{"href":"https:\/\/dev.cautex.com\/pt-pt\/wp-json\/wp\/v2\/product"}],"about":[{"href":"https:\/\/dev.cautex.com\/pt-pt\/wp-json\/wp\/v2\/types\/product"}],"replies":[{"embeddable":true,"href":"https:\/\/dev.cautex.com\/pt-pt\/wp-json\/wp\/v2\/comments?post=4799"}],"wp:featuredmedia":[{"embeddable":true,"href":"https:\/\/dev.cautex.com\/pt-pt\/wp-json\/wp\/v2\/media\/4800"}],"wp:attachment":[{"href":"https:\/\/dev.cautex.com\/pt-pt\/wp-json\/wp\/v2\/media?parent=4799"}],"wp:term":[{"taxonomy":"product_cat","embeddable":true,"href":"https:\/\/dev.cautex.com\/pt-pt\/wp-json\/wp\/v2\/product_cat?post=4799"},{"taxonomy":"product_tag","embeddable":true,"href":"https:\/\/dev.cautex.com\/pt-pt\/wp-json\/wp\/v2\/product_tag?post=4799"}],"curies":[{"name":"wp","href":"https:\/\/api.w.org\/{rel}","templated":true}]}}