{"id":4797,"date":"2022-07-05T07:31:00","date_gmt":"2022-07-05T07:31:00","guid":{"rendered":"https:\/\/www.cautex.com\/producto\/pecas-de-direcao-diversas\/"},"modified":"2022-07-05T07:31:00","modified_gmt":"2022-07-05T07:31:00","slug":"pecas-de-direcao-diversas","status":"publish","type":"product","link":"https:\/\/dev.cautex.com\/pt-pt\/producto\/pecas-de-direcao-diversas\/","title":{"rendered":"PE\u00c7AS DE DIRE\u00c7\u00c3O DIVERSAS"},"content":{"rendered":"<p>Grande variedade de elementos complementares: bra\u00e7adeiras, apoios, casquilhos de cremalheira, jogos de borracha, cruzetas&#8230; tudo o que precisa para a fam\u00edlia da dire\u00e7\u00e3o.<\/p>\n","protected":false},"excerpt":{"rendered":"<p>Grande variedade de elementos complementares: bra\u00e7adeiras, apoios, casquilhos de cremalheira, jogos de borracha, cruzetas&#8230; tudo o que precisa para a fam\u00edlia da dire\u00e7\u00e3o.<\/p>\n","protected":false},"featured_media":4798,"comment_status":"open","ping_status":"closed","template":"","meta":[],"product_cat":[760,772],"product_tag":[],"_links":{"self":[{"href":"https:\/\/dev.cautex.com\/pt-pt\/wp-json\/wp\/v2\/product\/4797"}],"collection":[{"href":"https:\/\/dev.cautex.com\/pt-pt\/wp-json\/wp\/v2\/product"}],"about":[{"href":"https:\/\/dev.cautex.com\/pt-pt\/wp-json\/wp\/v2\/types\/product"}],"replies":[{"embeddable":true,"href":"https:\/\/dev.cautex.com\/pt-pt\/wp-json\/wp\/v2\/comments?post=4797"}],"wp:featuredmedia":[{"embeddable":true,"href":"https:\/\/dev.cautex.com\/pt-pt\/wp-json\/wp\/v2\/media\/4798"}],"wp:attachment":[{"href":"https:\/\/dev.cautex.com\/pt-pt\/wp-json\/wp\/v2\/media?parent=4797"}],"wp:term":[{"taxonomy":"product_cat","embeddable":true,"href":"https:\/\/dev.cautex.com\/pt-pt\/wp-json\/wp\/v2\/product_cat?post=4797"},{"taxonomy":"product_tag","embeddable":true,"href":"https:\/\/dev.cautex.com\/pt-pt\/wp-json\/wp\/v2\/product_tag?post=4797"}],"curies":[{"name":"wp","href":"https:\/\/api.w.org\/{rel}","templated":true}]}}