{"id":4795,"date":"2022-07-05T08:06:14","date_gmt":"2022-07-05T08:06:14","guid":{"rendered":"https:\/\/www.cautex.com\/producto\/pecas-de-suspensao-diversas\/"},"modified":"2022-07-05T08:06:14","modified_gmt":"2022-07-05T08:06:14","slug":"pecas-de-suspensao-diversas","status":"publish","type":"product","link":"https:\/\/dev.cautex.com\/pt-pt\/producto\/pecas-de-suspensao-diversas\/","title":{"rendered":"PE\u00c7AS DE SUSPENS\u00c3O DIVERSAS"},"content":{"rendered":"<p>Apoios e bra\u00e7os de suspens\u00e3o com modelos ergon\u00f3micos que lhes permitem encaixar com maior seguran\u00e7a tanto na roda como na carro\u00e7aria, mantendo-as unidas. A rigidez do seu material permite que a roda defina a sua posi\u00e7\u00e3o em rela\u00e7\u00e3o \u00e0 carro\u00e7aria e lhe transfira parte dos respetivos esfor\u00e7os. <\/p>\n","protected":false},"excerpt":{"rendered":"<p>Apoios e bra\u00e7os de suspens\u00e3o com modelos ergon\u00f3micos que lhes permitem encaixar com maior seguran\u00e7a tanto na roda como na carro\u00e7aria, mantendo-as unidas. A rigidez do seu material permite que a roda defina a sua posi\u00e7\u00e3o em rela\u00e7\u00e3o \u00e0 carro\u00e7aria e lhe transfira parte dos respetivos esfor\u00e7os.<\/p>\n","protected":false},"featured_media":4796,"comment_status":"open","ping_status":"closed","template":"","meta":[],"product_cat":[760,771],"product_tag":[176],"_links":{"self":[{"href":"https:\/\/dev.cautex.com\/pt-pt\/wp-json\/wp\/v2\/product\/4795"}],"collection":[{"href":"https:\/\/dev.cautex.com\/pt-pt\/wp-json\/wp\/v2\/product"}],"about":[{"href":"https:\/\/dev.cautex.com\/pt-pt\/wp-json\/wp\/v2\/types\/product"}],"replies":[{"embeddable":true,"href":"https:\/\/dev.cautex.com\/pt-pt\/wp-json\/wp\/v2\/comments?post=4795"}],"wp:featuredmedia":[{"embeddable":true,"href":"https:\/\/dev.cautex.com\/pt-pt\/wp-json\/wp\/v2\/media\/4796"}],"wp:attachment":[{"href":"https:\/\/dev.cautex.com\/pt-pt\/wp-json\/wp\/v2\/media?parent=4795"}],"wp:term":[{"taxonomy":"product_cat","embeddable":true,"href":"https:\/\/dev.cautex.com\/pt-pt\/wp-json\/wp\/v2\/product_cat?post=4795"},{"taxonomy":"product_tag","embeddable":true,"href":"https:\/\/dev.cautex.com\/pt-pt\/wp-json\/wp\/v2\/product_tag?post=4795"}],"curies":[{"name":"wp","href":"https:\/\/api.w.org\/{rel}","templated":true}]}}