{"id":4793,"date":"2022-07-05T07:28:57","date_gmt":"2022-07-05T07:28:57","guid":{"rendered":"https:\/\/www.cautex.com\/producto\/pecas-de-mudancas-diversas\/"},"modified":"2022-07-05T07:28:57","modified_gmt":"2022-07-05T07:28:57","slug":"pecas-de-mudancas-diversas","status":"publish","type":"product","link":"https:\/\/dev.cautex.com\/pt-pt\/producto\/pecas-de-mudancas-diversas\/","title":{"rendered":"PE\u00c7AS DE MUDAN\u00c7AS DIVERSAS"},"content":{"rendered":"<p>Sele\u00e7\u00e3o de diversas pe\u00e7as necess\u00e1rias para completar as fam\u00edlias de embraiagem, caixa de velocidades e dire\u00e7\u00e3o, com componentes de borracha e\/ou pl\u00e1stico.<\/p>\n","protected":false},"excerpt":{"rendered":"<p>Sele\u00e7\u00e3o de diversas pe\u00e7as necess\u00e1rias para completar as fam\u00edlias de embraiagem, caixa de velocidades e dire\u00e7\u00e3o, com componentes de borracha e\/ou pl\u00e1stico.<\/p>\n","protected":false},"featured_media":4794,"comment_status":"open","ping_status":"closed","template":"","meta":[],"product_cat":[760,770],"product_tag":[168],"_links":{"self":[{"href":"https:\/\/dev.cautex.com\/pt-pt\/wp-json\/wp\/v2\/product\/4793"}],"collection":[{"href":"https:\/\/dev.cautex.com\/pt-pt\/wp-json\/wp\/v2\/product"}],"about":[{"href":"https:\/\/dev.cautex.com\/pt-pt\/wp-json\/wp\/v2\/types\/product"}],"replies":[{"embeddable":true,"href":"https:\/\/dev.cautex.com\/pt-pt\/wp-json\/wp\/v2\/comments?post=4793"}],"wp:featuredmedia":[{"embeddable":true,"href":"https:\/\/dev.cautex.com\/pt-pt\/wp-json\/wp\/v2\/media\/4794"}],"wp:attachment":[{"href":"https:\/\/dev.cautex.com\/pt-pt\/wp-json\/wp\/v2\/media?parent=4793"}],"wp:term":[{"taxonomy":"product_cat","embeddable":true,"href":"https:\/\/dev.cautex.com\/pt-pt\/wp-json\/wp\/v2\/product_cat?post=4793"},{"taxonomy":"product_tag","embeddable":true,"href":"https:\/\/dev.cautex.com\/pt-pt\/wp-json\/wp\/v2\/product_tag?post=4793"}],"curies":[{"name":"wp","href":"https:\/\/api.w.org\/{rel}","templated":true}]}}